{"id":16812,"date":"2024-08-04T00:45:04","date_gmt":"2024-08-03T22:45:04","guid":{"rendered":"https:\/\/stuewe-test.ge-buer.de\/?page_id=16812"},"modified":"2026-02-19T17:41:05","modified_gmt":"2026-02-19T16:41:05","slug":"media-library","status":"publish","type":"page","link":"https:\/\/stueweschweiz.test.thatsit.marketing\/en\/media-library\/","title":{"rendered":"Media library"},"content":{"rendered":"<div data-elementor-type=\"wp-page\" data-elementor-id=\"16812\" class=\"elementor elementor-16812\">\n\t\t\t\t\t\t<section class=\"elementor-section elementor-top-section elementor-element elementor-element-abe5ab5 elementor-section-boxed elementor-section-height-default elementor-section-height-default\" data-id=\"abe5ab5\" data-element_type=\"section\" data-e-type=\"section\">\n\t\t\t\t\t\t<div class=\"elementor-container elementor-column-gap-default\">\n\t\t\t\t\t<div class=\"elementor-column elementor-col-100 elementor-top-column elementor-element elementor-element-40d5f46\" data-id=\"40d5f46\" data-element_type=\"column\" data-e-type=\"column\">\n\t\t\t<div class=\"elementor-widget-wrap elementor-element-populated\">\n\t\t\t\t\t\t<div class=\"elementor-element elementor-element-d966fa9 elementor-widget elementor-widget-industrium_heading\" data-id=\"d966fa9\" data-element_type=\"widget\" data-e-type=\"widget\" data-widget_type=\"industrium_heading.default\">\n\t\t\t\t<div class=\"elementor-widget-container\">\n\t\t\t\t\t<div class=\"industrium-heading-widget\"><h2 class=\"industrium-heading\"><span class=\"industrium-subheading no-dot\">Media library<\/span><span class=\"industrium-heading-content\"><strong>Zentrale Anlaufstelle f\u00fcr Dokumente<\/strong><\/span><\/h2><\/div>\t\t\t\t<\/div>\n\t\t\t\t<\/div>\n\t\t\t\t<div class=\"elementor-element elementor-element-7c0abb5 elementor-widget elementor-widget-text-editor\" data-id=\"7c0abb5\" data-element_type=\"widget\" data-e-type=\"widget\" data-widget_type=\"text-editor.default\">\n\t\t\t\t<div class=\"elementor-widget-container\">\n\t\t\t\t\t\t\t\t\t<p>Die St\u00fcwe Mediathek bietet eine zentrale Anlaufstelle, um s\u00e4mtliche Dokumente wie Betriebsanleitungen zu finden. Hier k\u00f6nnen Kunden und Partner schnell und einfach auf alle wichtigen Informationen zugreifen.<\/p>\t\t\t\t\t\t\t\t<\/div>\n\t\t\t\t<\/div>\n\t\t\t\t\t<\/div>\n\t\t<\/div>\n\t\t\t\t\t<\/div>\n\t\t<\/section>\n\t\t<div class=\"elementor-element elementor-element-8185890 e-flex e-con-boxed e-con e-parent\" data-id=\"8185890\" data-element_type=\"container\" data-e-type=\"container\">\n\t\t\t\t\t<div class=\"e-con-inner\">\n\t\t<div class=\"elementor-element elementor-element-9f77ca8 e-con-full e-flex e-con e-child\" data-id=\"9f77ca8\" data-element_type=\"container\" data-e-type=\"container\">\n\t\t\t\t<div class=\"elementor-element elementor-element-c092af3 elementor-widget__width-inherit elementor-widget elementor-widget-shortcode\" data-id=\"c092af3\" data-element_type=\"widget\" data-e-type=\"widget\" data-widget_type=\"shortcode.default\">\n\t\t\t\t<div class=\"elementor-widget-container\">\n\t\t\t\t\t\t\t<div class=\"elementor-shortcode\"><center> <div class=\"_df_thumb dflip-no-ridge\" id=\"df_21292\"  _slug=\"betriebsanleitung-br006-001-de\" data-title=\"betriebsanleitung-br006-001-de\" wpoptions=\"true\" thumb=\"https:\/\/stueweschweiz.test.thatsit.marketing\/wp-content\/uploads\/2026\/01\/Stuewe-Original-Betriebsanleitung.jpg\" thumbtype=\"\" >Betriebsanleitung BR006-001 DE<\/div><script class=\"df-shortcode-script\" nowprocket type=\"application\/javascript\">window.option_df_21292 = {\"outline\":[],\"autoEnableOutline\":\"false\",\"autoEnableThumbnail\":\"false\",\"overwritePDFOutline\":\"false\",\"direction\":\"1\",\"pageSize\":\"0\",\"source\":\"https:\\\/\\\/stueweschweiz.test.thatsit.marketing\\\/wp-content\\\/uploads\\\/2026\\\/01\\\/BA_BR006_001_DE.pdf\",\"wpOptions\":\"true\"}; if(window.DFLIP && window.DFLIP.parseBooks){window.DFLIP.parseBooks();}<\/script><\/center><\/div>\n\t\t\t\t\t\t<\/div>\n\t\t\t\t<\/div>\n\t\t\t\t<div class=\"elementor-element elementor-element-2ac825d elementor-widget elementor-widget-industrium_button\" data-id=\"2ac825d\" data-element_type=\"widget\" data-e-type=\"widget\" data-widget_type=\"industrium_button.default\">\n\t\t\t\t<div class=\"elementor-widget-container\">\n\t\t\t\t\t\n        <div class=\"button-widget\">\n            <div class=\"button-container\">\n                <a class=\"industrium-button button-type-1\" href=\"\/wp-content\/uploads\/2026\/01\/BA_BR006_001_EN-1.pdf\" target=\"_blank\">\n                    EN<svg viewbox=\"0 0 13 20\"><polyline points=\"0.5 19.5 3 19.5 12.5 10 3 0.5\"><\/polyline><\/svg>                    \n                <\/a>\n            <\/div>\n        <\/div>\n        \t\t\t\t<\/div>\n\t\t\t\t<\/div>\n\t\t\t\t<\/div>\n\t\t<div class=\"elementor-element elementor-element-1b9c8a4 e-con-full e-flex e-con e-child\" data-id=\"1b9c8a4\" data-element_type=\"container\" data-e-type=\"container\">\n\t\t\t\t<div class=\"elementor-element elementor-element-068407d elementor-widget__width-inherit elementor-widget elementor-widget-shortcode\" data-id=\"068407d\" data-element_type=\"widget\" data-e-type=\"widget\" data-widget_type=\"shortcode.default\">\n\t\t\t\t<div class=\"elementor-widget-container\">\n\t\t\t\t\t\t\t<div class=\"elementor-shortcode\"><center> <div class=\"_df_thumb dflip-no-ridge\" id=\"df_21286\"  _slug=\"betriebsanleitung-br008-001-de\" data-title=\"betriebsanleitung-br008-001-de\" wpoptions=\"true\" thumb=\"https:\/\/stueweschweiz.test.thatsit.marketing\/wp-content\/uploads\/2026\/01\/Stuewe-Original-Betriebsanleitung.jpg\" thumbtype=\"\" >Betriebsanleitung BR008-001 DE<\/div><script class=\"df-shortcode-script\" nowprocket type=\"application\/javascript\">window.option_df_21286 = {\"outline\":[],\"autoEnableOutline\":\"false\",\"autoEnableThumbnail\":\"false\",\"overwritePDFOutline\":\"false\",\"direction\":\"1\",\"pageSize\":\"0\",\"source\":\"https:\\\/\\\/stueweschweiz.test.thatsit.marketing\\\/wp-content\\\/uploads\\\/2026\\\/01\\\/BA_BR008_001_DE.pdf\",\"wpOptions\":\"true\"}; if(window.DFLIP && window.DFLIP.parseBooks){window.DFLIP.parseBooks();}<\/script><\/center><\/div>\n\t\t\t\t\t\t<\/div>\n\t\t\t\t<\/div>\n\t\t\t\t<div class=\"elementor-element elementor-element-2071657 elementor-widget elementor-widget-industrium_button\" data-id=\"2071657\" data-element_type=\"widget\" data-e-type=\"widget\" data-widget_type=\"industrium_button.default\">\n\t\t\t\t<div class=\"elementor-widget-container\">\n\t\t\t\t\t\n        <div class=\"button-widget\">\n            <div class=\"button-container\">\n                <a class=\"industrium-button button-type-1\" href=\"\/wp-content\/uploads\/2026\/01\/BA_BR008_001_EN-1.pdf\" target=\"_blank\">\n                    EN<svg viewbox=\"0 0 13 20\"><polyline points=\"0.5 19.5 3 19.5 12.5 10 3 0.5\"><\/polyline><\/svg>                    \n                <\/a>\n            <\/div>\n        <\/div>\n        \t\t\t\t<\/div>\n\t\t\t\t<\/div>\n\t\t\t\t<\/div>\n\t\t<div class=\"elementor-element elementor-element-9ccc04f e-con-full e-flex e-con e-child\" data-id=\"9ccc04f\" data-element_type=\"container\" data-e-type=\"container\">\n\t\t\t\t<div class=\"elementor-element elementor-element-74c4b59 elementor-widget__width-inherit elementor-widget elementor-widget-shortcode\" data-id=\"74c4b59\" data-element_type=\"widget\" data-e-type=\"widget\" data-widget_type=\"shortcode.default\">\n\t\t\t\t<div class=\"elementor-widget-container\">\n\t\t\t\t\t\t\t<div class=\"elementor-shortcode\"><center> <div class=\"_df_thumb dflip-no-ridge\" id=\"df_21291\"  _slug=\"betriebsanleitung-br009-001-de\" data-title=\"betriebsanleitung-br009-001-de\" wpoptions=\"true\" thumb=\"https:\/\/stueweschweiz.test.thatsit.marketing\/wp-content\/uploads\/2026\/01\/Stuewe-Original-Betriebsanleitung.jpg\" thumbtype=\"\" >Betriebsanleitung BR009-001 DE<\/div><script class=\"df-shortcode-script\" nowprocket type=\"application\/javascript\">window.option_df_21291 = {\"outline\":[],\"autoEnableOutline\":\"false\",\"autoEnableThumbnail\":\"false\",\"overwritePDFOutline\":\"false\",\"direction\":\"1\",\"pageSize\":\"0\",\"source\":\"https:\\\/\\\/stueweschweiz.test.thatsit.marketing\\\/wp-content\\\/uploads\\\/2026\\\/01\\\/BA_BR009_001_DE.pdf\",\"wpOptions\":\"true\"}; if(window.DFLIP && window.DFLIP.parseBooks){window.DFLIP.parseBooks();}<\/script><\/center><\/div>\n\t\t\t\t\t\t<\/div>\n\t\t\t\t<\/div>\n\t\t\t\t<div class=\"elementor-element elementor-element-5f3ca21 elementor-widget elementor-widget-industrium_button\" data-id=\"5f3ca21\" data-element_type=\"widget\" data-e-type=\"widget\" data-widget_type=\"industrium_button.default\">\n\t\t\t\t<div class=\"elementor-widget-container\">\n\t\t\t\t\t\n        <div class=\"button-widget\">\n            <div class=\"button-container\">\n                <a class=\"industrium-button button-type-1\" href=\"\/wp-content\/uploads\/2026\/01\/BA_BR009_001_EN.pdf\" target=\"_blank\">\n                    EN<svg viewbox=\"0 0 13 20\"><polyline points=\"0.5 19.5 3 19.5 12.5 10 3 0.5\"><\/polyline><\/svg>                    \n                <\/a>\n            <\/div>\n        <\/div>\n        \t\t\t\t<\/div>\n\t\t\t\t<\/div>\n\t\t\t\t<\/div>\n\t\t<div class=\"elementor-element elementor-element-5d498a9 e-con-full e-flex e-con e-child\" data-id=\"5d498a9\" data-element_type=\"container\" data-e-type=\"container\">\n\t\t\t\t<div class=\"elementor-element elementor-element-b7b7161 elementor-widget__width-inherit elementor-widget elementor-widget-shortcode\" data-id=\"b7b7161\" data-element_type=\"widget\" data-e-type=\"widget\" data-widget_type=\"shortcode.default\">\n\t\t\t\t<div class=\"elementor-widget-container\">\n\t\t\t\t\t\t\t<div class=\"elementor-shortcode\"><center> <div class=\"_df_thumb dflip-no-ridge\" id=\"df_21290\"  _slug=\"betriebsanleitung-br010-001-de\" data-title=\"betriebsanleitung-br010-001-de\" wpoptions=\"true\" thumb=\"https:\/\/stueweschweiz.test.thatsit.marketing\/wp-content\/uploads\/2026\/01\/Stuewe-Original-Betriebsanleitung.jpg\" thumbtype=\"\" >Betriebsanleitung BR010-001 DE<\/div><script class=\"df-shortcode-script\" nowprocket type=\"application\/javascript\">window.option_df_21290 = {\"outline\":[],\"autoEnableOutline\":\"false\",\"autoEnableThumbnail\":\"false\",\"overwritePDFOutline\":\"false\",\"direction\":\"1\",\"pageSize\":\"0\",\"source\":\"https:\\\/\\\/stueweschweiz.test.thatsit.marketing\\\/wp-content\\\/uploads\\\/2026\\\/01\\\/BA_BR010_001_DE.pdf\",\"wpOptions\":\"true\"}; if(window.DFLIP && window.DFLIP.parseBooks){window.DFLIP.parseBooks();}<\/script><\/center><\/div>\n\t\t\t\t\t\t<\/div>\n\t\t\t\t<\/div>\n\t\t\t\t<div class=\"elementor-element elementor-element-786eb84 elementor-widget elementor-widget-industrium_button\" data-id=\"786eb84\" data-element_type=\"widget\" data-e-type=\"widget\" data-widget_type=\"industrium_button.default\">\n\t\t\t\t<div class=\"elementor-widget-container\">\n\t\t\t\t\t\n        <div class=\"button-widget\">\n            <div class=\"button-container\">\n                <a class=\"industrium-button button-type-1\" href=\"\/wp-content\/uploads\/2026\/01\/BA_BR010_001_EN.pdf\" target=\"_blank\">\n                    EN<svg viewbox=\"0 0 13 20\"><polyline points=\"0.5 19.5 3 19.5 12.5 10 3 0.5\"><\/polyline><\/svg>                    \n                <\/a>\n            <\/div>\n        <\/div>\n        \t\t\t\t<\/div>\n\t\t\t\t<\/div>\n\t\t\t\t<\/div>\n\t\t\t\t\t<\/div>\n\t\t\t\t<\/div>\n\t\t<div class=\"elementor-element elementor-element-75a30ff e-flex e-con-boxed e-con e-parent\" data-id=\"75a30ff\" data-element_type=\"container\" data-e-type=\"container\">\n\t\t\t\t\t<div class=\"e-con-inner\">\n\t\t<div class=\"elementor-element elementor-element-b379a71 e-con-full e-flex e-con e-child\" data-id=\"b379a71\" data-element_type=\"container\" data-e-type=\"container\">\n\t\t\t\t<div class=\"elementor-element elementor-element-9b37583 elementor-widget__width-inherit elementor-widget elementor-widget-shortcode\" data-id=\"9b37583\" data-element_type=\"widget\" data-e-type=\"widget\" data-widget_type=\"shortcode.default\">\n\t\t\t\t<div class=\"elementor-widget-container\">\n\t\t\t\t\t\t\t<div class=\"elementor-shortcode\"><center> <div class=\"_df_thumb dflip-no-ridge\" id=\"df_21289\"  _slug=\"betriebsanleitung-br012-001-de\" data-title=\"betriebsanleitung-br012-001-de\" wpoptions=\"true\" thumb=\"https:\/\/stueweschweiz.test.thatsit.marketing\/wp-content\/uploads\/2026\/01\/Stuewe-Original-Betriebsanleitung.jpg\" thumbtype=\"\" >Betriebsanleitung BR012-001 DE<\/div><script class=\"df-shortcode-script\" nowprocket type=\"application\/javascript\">window.option_df_21289 = {\"outline\":[],\"autoEnableOutline\":\"false\",\"autoEnableThumbnail\":\"false\",\"overwritePDFOutline\":\"false\",\"direction\":\"1\",\"pageSize\":\"0\",\"source\":\"https:\\\/\\\/stueweschweiz.test.thatsit.marketing\\\/wp-content\\\/uploads\\\/2026\\\/01\\\/BA_BR012_001_DE.pdf\",\"wpOptions\":\"true\"}; if(window.DFLIP && window.DFLIP.parseBooks){window.DFLIP.parseBooks();}<\/script><\/center><\/div>\n\t\t\t\t\t\t<\/div>\n\t\t\t\t<\/div>\n\t\t\t\t<div class=\"elementor-element elementor-element-8517d63 elementor-widget elementor-widget-industrium_button\" data-id=\"8517d63\" data-element_type=\"widget\" data-e-type=\"widget\" data-widget_type=\"industrium_button.default\">\n\t\t\t\t<div class=\"elementor-widget-container\">\n\t\t\t\t\t\n        <div class=\"button-widget\">\n            <div class=\"button-container\">\n                <a class=\"industrium-button button-type-1\" href=\"\/wp-content\/uploads\/2026\/01\/BA_BR012_001_EN.pdf\" target=\"_blank\">\n                    EN<svg viewbox=\"0 0 13 20\"><polyline points=\"0.5 19.5 3 19.5 12.5 10 3 0.5\"><\/polyline><\/svg>                    \n                <\/a>\n            <\/div>\n        <\/div>\n        \t\t\t\t<\/div>\n\t\t\t\t<\/div>\n\t\t\t\t<\/div>\n\t\t<div class=\"elementor-element elementor-element-29c5698 e-con-full e-flex e-con e-child\" data-id=\"29c5698\" data-element_type=\"container\" data-e-type=\"container\">\n\t\t\t\t<div class=\"elementor-element elementor-element-4c67074 elementor-widget__width-inherit elementor-widget elementor-widget-shortcode\" data-id=\"4c67074\" data-element_type=\"widget\" data-e-type=\"widget\" data-widget_type=\"shortcode.default\">\n\t\t\t\t<div class=\"elementor-widget-container\">\n\t\t\t\t\t\t\t<div class=\"elementor-shortcode\"><center> <div class=\"_df_thumb dflip-no-ridge\" id=\"df_21288\"  _slug=\"betriebsanleitung-br013-813-de\" data-title=\"betriebsanleitung-br013-813-de\" wpoptions=\"true\" thumb=\"https:\/\/stueweschweiz.test.thatsit.marketing\/wp-content\/uploads\/2026\/01\/Stuewe-Original-Betriebsanleitung.jpg\" thumbtype=\"\" >Betriebsanleitung BR013-813 DE<\/div><script class=\"df-shortcode-script\" nowprocket type=\"application\/javascript\">window.option_df_21288 = {\"outline\":[],\"autoEnableOutline\":\"false\",\"autoEnableThumbnail\":\"false\",\"overwritePDFOutline\":\"false\",\"direction\":\"1\",\"pageSize\":\"0\",\"source\":\"https:\\\/\\\/stueweschweiz.test.thatsit.marketing\\\/wp-content\\\/uploads\\\/2026\\\/01\\\/BA_BR013-BR813_001_DE.pdf\",\"wpOptions\":\"true\"}; if(window.DFLIP && window.DFLIP.parseBooks){window.DFLIP.parseBooks();}<\/script><\/center><\/div>\n\t\t\t\t\t\t<\/div>\n\t\t\t\t<\/div>\n\t\t\t\t<div class=\"elementor-element elementor-element-d7e4596 elementor-widget elementor-widget-industrium_button\" data-id=\"d7e4596\" data-element_type=\"widget\" data-e-type=\"widget\" data-widget_type=\"industrium_button.default\">\n\t\t\t\t<div class=\"elementor-widget-container\">\n\t\t\t\t\t\n        <div class=\"button-widget\">\n            <div class=\"button-container\">\n                <a class=\"industrium-button button-type-1\" href=\"\/wp-content\/uploads\/2026\/01\/BA_BR013-BR813_001_EN.pdf\" target=\"_blank\">\n                    EN<svg viewbox=\"0 0 13 20\"><polyline points=\"0.5 19.5 3 19.5 12.5 10 3 0.5\"><\/polyline><\/svg>                    \n                <\/a>\n            <\/div>\n        <\/div>\n        \t\t\t\t<\/div>\n\t\t\t\t<\/div>\n\t\t\t\t<\/div>\n\t\t<div class=\"elementor-element elementor-element-9b067dd e-con-full e-flex e-con e-child\" data-id=\"9b067dd\" data-element_type=\"container\" data-e-type=\"container\">\n\t\t\t\t<div class=\"elementor-element elementor-element-4cfd0cf elementor-widget__width-inherit elementor-widget elementor-widget-shortcode\" data-id=\"4cfd0cf\" data-element_type=\"widget\" data-e-type=\"widget\" data-widget_type=\"shortcode.default\">\n\t\t\t\t<div class=\"elementor-widget-container\">\n\t\t\t\t\t\t\t<div class=\"elementor-shortcode\"><center> <div class=\"_df_thumb dflip-no-ridge\" id=\"df_21287\"  _slug=\"betriebsanleitung-br028-001-de\" data-title=\"betriebsanleitung-br028-001-de\" wpoptions=\"true\" thumb=\"https:\/\/stueweschweiz.test.thatsit.marketing\/wp-content\/uploads\/2026\/01\/Stuewe-Original-Betriebsanleitung.jpg\" thumbtype=\"\" >Betriebsanleitung BR028-001 DE<\/div><script class=\"df-shortcode-script\" nowprocket type=\"application\/javascript\">window.option_df_21287 = {\"outline\":[],\"autoEnableOutline\":\"false\",\"autoEnableThumbnail\":\"false\",\"overwritePDFOutline\":\"false\",\"direction\":\"1\",\"pageSize\":\"0\",\"source\":\"https:\\\/\\\/stueweschweiz.test.thatsit.marketing\\\/wp-content\\\/uploads\\\/2026\\\/01\\\/BA_BR028_001_DE.pdf\",\"wpOptions\":\"true\"}; if(window.DFLIP && window.DFLIP.parseBooks){window.DFLIP.parseBooks();}<\/script><\/center><\/div>\n\t\t\t\t\t\t<\/div>\n\t\t\t\t<\/div>\n\t\t\t\t<div class=\"elementor-element elementor-element-3bd0b2b elementor-widget elementor-widget-industrium_button\" data-id=\"3bd0b2b\" data-element_type=\"widget\" data-e-type=\"widget\" data-widget_type=\"industrium_button.default\">\n\t\t\t\t<div class=\"elementor-widget-container\">\n\t\t\t\t\t\n        <div class=\"button-widget\">\n            <div class=\"button-container\">\n                <a class=\"industrium-button button-type-1\" href=\"\/wp-content\/uploads\/2026\/01\/BA_BR028_001_EN.pdf\" target=\"_blank\">\n                    EN<svg viewbox=\"0 0 13 20\"><polyline points=\"0.5 19.5 3 19.5 12.5 10 3 0.5\"><\/polyline><\/svg>                    \n                <\/a>\n            <\/div>\n        <\/div>\n        \t\t\t\t<\/div>\n\t\t\t\t<\/div>\n\t\t\t\t<\/div>\n\t\t<div class=\"elementor-element elementor-element-2e7c987 e-con-full e-flex e-con e-child\" data-id=\"2e7c987\" data-element_type=\"container\" data-e-type=\"container\">\n\t\t\t\t<div class=\"elementor-element elementor-element-1984dcc elementor-widget__width-inherit elementor-widget elementor-widget-shortcode\" data-id=\"1984dcc\" data-element_type=\"widget\" data-e-type=\"widget\" data-widget_type=\"shortcode.default\">\n\t\t\t\t<div class=\"elementor-widget-container\">\n\t\t\t\t\t\t\t<div class=\"elementor-shortcode\"><center> <div class=\"_df_thumb dflip-no-ridge\" id=\"df_21283\"  _slug=\"betriebsanleitung-br207-001-de\" data-title=\"betriebsanleitung-br207-001-de\" wpoptions=\"true\" thumb=\"https:\/\/stueweschweiz.test.thatsit.marketing\/wp-content\/uploads\/2026\/01\/Stuewe-Original-Betriebsanleitung.jpg\" thumbtype=\"\" >Betriebsanleitung BR207-001 DE<\/div><script class=\"df-shortcode-script\" nowprocket type=\"application\/javascript\">window.option_df_21283 = {\"outline\":[],\"autoEnableOutline\":\"false\",\"autoEnableThumbnail\":\"false\",\"overwritePDFOutline\":\"false\",\"direction\":\"1\",\"pageSize\":\"0\",\"source\":\"https:\\\/\\\/stueweschweiz.test.thatsit.marketing\\\/wp-content\\\/uploads\\\/2026\\\/01\\\/BA_BR207_001_DE.pdf\",\"wpOptions\":\"true\"}; if(window.DFLIP && window.DFLIP.parseBooks){window.DFLIP.parseBooks();}<\/script><\/center><\/div>\n\t\t\t\t\t\t<\/div>\n\t\t\t\t<\/div>\n\t\t\t\t<div class=\"elementor-element elementor-element-0ae57a2 elementor-widget elementor-widget-industrium_button\" data-id=\"0ae57a2\" data-element_type=\"widget\" data-e-type=\"widget\" data-widget_type=\"industrium_button.default\">\n\t\t\t\t<div class=\"elementor-widget-container\">\n\t\t\t\t\t\n        <div class=\"button-widget\">\n            <div class=\"button-container\">\n                <a class=\"industrium-button button-type-1\" href=\"\/wp-content\/uploads\/2026\/01\/BA_BR207_001_EN.pdf\" target=\"_blank\">\n                    EN<svg viewbox=\"0 0 13 20\"><polyline points=\"0.5 19.5 3 19.5 12.5 10 3 0.5\"><\/polyline><\/svg>                    \n                <\/a>\n            <\/div>\n        <\/div>\n        \t\t\t\t<\/div>\n\t\t\t\t<\/div>\n\t\t\t\t<\/div>\n\t\t\t\t\t<\/div>\n\t\t\t\t<\/div>\n\t\t\t\t<\/div>","protected":false},"excerpt":{"rendered":"<p>Die St\u00fcwe Mediathek bietet eine zentrale Anlaufstelle, um s\u00e4mtliche Dokumente wie Betriebsanleitungen zu finden. Hier k\u00f6nnen Kunden und Partner schnell und einfach auf alle wichtigen Informationen zugreifen.<\/p>","protected":false},"author":8,"featured_media":0,"parent":0,"menu_order":0,"comment_status":"closed","ping_status":"closed","template":"elementor_header_footer","meta":{"footnotes":""},"class_list":["post-16812","page","type-page","status-publish","hentry"],"_links":{"self":[{"href":"https:\/\/stueweschweiz.test.thatsit.marketing\/en\/wp-json\/wp\/v2\/pages\/16812","targetHints":{"allow":["GET"]}}],"collection":[{"href":"https:\/\/stueweschweiz.test.thatsit.marketing\/en\/wp-json\/wp\/v2\/pages"}],"about":[{"href":"https:\/\/stueweschweiz.test.thatsit.marketing\/en\/wp-json\/wp\/v2\/types\/page"}],"author":[{"embeddable":true,"href":"https:\/\/stueweschweiz.test.thatsit.marketing\/en\/wp-json\/wp\/v2\/users\/8"}],"replies":[{"embeddable":true,"href":"https:\/\/stueweschweiz.test.thatsit.marketing\/en\/wp-json\/wp\/v2\/comments?post=16812"}],"version-history":[{"count":91,"href":"https:\/\/stueweschweiz.test.thatsit.marketing\/en\/wp-json\/wp\/v2\/pages\/16812\/revisions"}],"predecessor-version":[{"id":21647,"href":"https:\/\/stueweschweiz.test.thatsit.marketing\/en\/wp-json\/wp\/v2\/pages\/16812\/revisions\/21647"}],"wp:attachment":[{"href":"https:\/\/stueweschweiz.test.thatsit.marketing\/en\/wp-json\/wp\/v2\/media?parent=16812"}],"curies":[{"name":"wp","href":"https:\/\/api.w.org\/{rel}","templated":true}]}}