{"id":17048,"date":"2024-08-05T01:08:07","date_gmt":"2024-08-04T23:08:07","guid":{"rendered":"https:\/\/stuewe-test.ge-buer.de\/?page_id=17048"},"modified":"2026-02-20T13:01:36","modified_gmt":"2026-02-20T12:01:36","slug":"request","status":"publish","type":"page","link":"https:\/\/stueweschweiz.test.thatsit.marketing\/en\/request\/","title":{"rendered":"Enquiries"},"content":{"rendered":"<div data-elementor-type=\"wp-page\" data-elementor-id=\"17048\" class=\"elementor elementor-17048\">\n\t\t\t\t\t\t<section class=\"elementor-section elementor-inner-section elementor-element elementor-element-47fae42f elementor-section-boxed elementor-section-height-default elementor-section-height-default\" data-id=\"47fae42f\" data-element_type=\"section\" data-e-type=\"section\" data-settings=\"{&quot;background_background&quot;:&quot;classic&quot;}\">\n\t\t\t\t\t\t<div class=\"elementor-container elementor-column-gap-no\">\n\t\t\t\t\t<div class=\"elementor-column elementor-col-100 elementor-inner-column elementor-element elementor-element-3ae2618\" data-id=\"3ae2618\" data-element_type=\"column\" data-e-type=\"column\">\n\t\t\t<div class=\"elementor-widget-wrap elementor-element-populated\">\n\t\t\t\t\t\t<div class=\"elementor-element elementor-element-67b8cafa elementor-widget elementor-widget-industrium_heading\" data-id=\"67b8cafa\" data-element_type=\"widget\" data-e-type=\"widget\" data-widget_type=\"industrium_heading.default\">\n\t\t\t\t<div class=\"elementor-widget-container\">\n\t\t\t\t\t<div class=\"industrium-heading-widget\"><h2 class=\"industrium-heading\"><span class=\"industrium-subheading no-dot\">St\u00fcwe Anfragen<\/span><span class=\"industrium-heading-content\">Technical inquiry \u2013 fast &amp; structured<\/span><\/h2><\/div>\t\t\t\t<\/div>\n\t\t\t\t<\/div>\n\t\t\t\t<div class=\"elementor-element elementor-element-708850de elementor-widget elementor-widget-text-editor\" data-id=\"708850de\" data-element_type=\"widget\" data-e-type=\"widget\" data-widget_type=\"text-editor.default\">\n\t\t\t\t<div class=\"elementor-widget-container\">\n\t\t\t\t\t\t\t\t\t<p>F\u00fcr die Auslegung unserer Kupplungs\u2011 und Bremssysteme ben\u00f6tigen wir technische Informationen zu Ihrer Anwendung. Mit dem folgenden Anforderungsformular stellen Sie uns alle relevanten Informationen strukturiert zur Verf\u00fcgung \u2013 unsere Grundlage f\u00fcr Ihre L\u00f6sung. Laden Sie das Formular herunter, f\u00fcllen Sie es aus und senden Sie es uns anschlie\u00dfend per E\u2011Mail zur\u00fcck.<\/p>\t\t\t\t\t\t\t\t<\/div>\n\t\t\t\t<\/div>\n\t\t\t\t\t<\/div>\n\t\t<\/div>\n\t\t\t\t\t<\/div>\n\t\t<\/section>\n\t\t<div class=\"elementor-element elementor-element-69dc920 e-flex e-con-boxed e-con e-parent\" data-id=\"69dc920\" data-element_type=\"container\" data-e-type=\"container\">\n\t\t\t\t\t<div class=\"e-con-inner\">\n\t\t<div class=\"elementor-element elementor-element-b86ed1a e-con-full e-flex e-con e-child\" data-id=\"b86ed1a\" data-element_type=\"container\" data-e-type=\"container\">\n\t\t\t\t<div class=\"elementor-element elementor-element-ef56ce1 elementor-widget elementor-widget-shortcode\" data-id=\"ef56ce1\" data-element_type=\"widget\" data-e-type=\"widget\" data-widget_type=\"shortcode.default\">\n\t\t\t\t<div class=\"elementor-widget-container\">\n\t\t\t\t\t\t\t<div class=\"elementor-shortcode\"><div class=\"_df_thumb\" id=\"df_21236\"  _slug=\"anfrageliste\" data-title=\"anfrageliste\" wpoptions=\"true\" thumb=\"https:\/\/stueweschweiz.test.thatsit.marketing\/wp-content\/uploads\/2026\/01\/Anfrageformular-Stuewe.png\" thumbtype=\"\" >Inquiry list<\/div><script class=\"df-shortcode-script\" nowprocket type=\"application\/javascript\">window.option_df_21236 = {\"outline\":[],\"autoEnableOutline\":\"false\",\"autoEnableThumbnail\":\"false\",\"overwritePDFOutline\":\"false\",\"direction\":\"1\",\"pageSize\":\"0\",\"source\":\"https:\\\/\\\/stueweschweiz.test.thatsit.marketing\\\/wp-content\\\/uploads\\\/2026\\\/01\\\/Anfrageformular-1.pdf\",\"wpOptions\":\"true\"}; if(window.DFLIP && window.DFLIP.parseBooks){window.DFLIP.parseBooks();}<\/script><\/div>\n\t\t\t\t\t\t<\/div>\n\t\t\t\t<\/div>\n\t\t\t\t<\/div>\n\t\t<div class=\"elementor-element elementor-element-8b9548c e-con-full e-flex e-con e-child\" data-id=\"8b9548c\" data-element_type=\"container\" data-e-type=\"container\">\n\t\t\t\t<div class=\"elementor-element elementor-element-b3788b9 elementor-align-left elementor-widget elementor-widget-button\" data-id=\"b3788b9\" data-element_type=\"widget\" data-e-type=\"widget\" data-widget_type=\"button.default\">\n\t\t\t\t<div class=\"elementor-widget-container\">\n\t\t\t\t\t\t\t\t\t<div class=\"elementor-button-wrapper\">\n\t\t\t\t\t<a class=\"elementor-button elementor-button-link elementor-size-sm\" href=\"\/wp-content\/uploads\/2026\/01\/Vorlage-Erstanfrage-2.docx\" target=\"_blank\">\n\t\t\t\t\t\t<span class=\"elementor-button-content-wrapper\">\n\t\t\t\t\t\t\t\t\t<span class=\"elementor-button-text\">Anfrageliste downloaden<\/span>\n\t\t\t\t\t<\/span>\n\t\t\t\t\t<\/a>\n\t\t\t\t<\/div>\n\t\t\t\t\t\t\t\t<\/div>\n\t\t\t\t<\/div>\n\t\t\t\t<\/div>\n\t\t\t\t\t<\/div>\n\t\t\t\t<\/div>\n\t\t\t\t<\/div>","protected":false},"excerpt":{"rendered":"<p>F\u00fcr die Auslegung unserer Kupplungs\u2011 und Bremssysteme ben\u00f6tigen wir technische Informationen zu Ihrer Anwendung. Mit dem folgenden Anforderungsformular stellen Sie uns alle relevanten Informationen strukturiert zur Verf\u00fcgung \u2013 unsere Grundlage f\u00fcr Ihre L\u00f6sung. Laden Sie das Formular herunter, f\u00fcllen Sie es&#8230;<\/p>","protected":false},"author":8,"featured_media":0,"parent":0,"menu_order":0,"comment_status":"closed","ping_status":"closed","template":"","meta":{"footnotes":""},"class_list":["post-17048","page","type-page","status-publish","hentry"],"_links":{"self":[{"href":"https:\/\/stueweschweiz.test.thatsit.marketing\/en\/wp-json\/wp\/v2\/pages\/17048","targetHints":{"allow":["GET"]}}],"collection":[{"href":"https:\/\/stueweschweiz.test.thatsit.marketing\/en\/wp-json\/wp\/v2\/pages"}],"about":[{"href":"https:\/\/stueweschweiz.test.thatsit.marketing\/en\/wp-json\/wp\/v2\/types\/page"}],"author":[{"embeddable":true,"href":"https:\/\/stueweschweiz.test.thatsit.marketing\/en\/wp-json\/wp\/v2\/users\/8"}],"replies":[{"embeddable":true,"href":"https:\/\/stueweschweiz.test.thatsit.marketing\/en\/wp-json\/wp\/v2\/comments?post=17048"}],"version-history":[{"count":113,"href":"https:\/\/stueweschweiz.test.thatsit.marketing\/en\/wp-json\/wp\/v2\/pages\/17048\/revisions"}],"predecessor-version":[{"id":21863,"href":"https:\/\/stueweschweiz.test.thatsit.marketing\/en\/wp-json\/wp\/v2\/pages\/17048\/revisions\/21863"}],"wp:attachment":[{"href":"https:\/\/stueweschweiz.test.thatsit.marketing\/en\/wp-json\/wp\/v2\/media?parent=17048"}],"curies":[{"name":"wp","href":"https:\/\/api.w.org\/{rel}","templated":true}]}}