{"id":19311,"date":"2025-07-02T12:09:06","date_gmt":"2025-07-02T10:09:06","guid":{"rendered":"https:\/\/stuewe.de\/?page_id=19311"},"modified":"2025-07-02T12:47:48","modified_gmt":"2025-07-02T10:47:48","slug":"accessibility-declaration","status":"publish","type":"page","link":"https:\/\/stueweschweiz.test.thatsit.marketing\/en\/accessibility-declaration\/","title":{"rendered":"Declaration of accessibility"},"content":{"rendered":"<h1 class=\"wp-block-heading\">Declaration on accessibility for services<\/h1>\n\n\n\n<p>As part of our accessibility statement, we would like to give you an overview of the status of the compatibility of the service(s) described below with the accessibility requirements according to legal regulations (in particular with the Accessibility Reinforcement Act - BFSG).<\/p>\n\n\n\n<h2 class=\"wp-block-heading\">Details of the service provider<\/h2>\n\n\n\n<p>St\u00fcwe GmbH &amp; Co. KG<br>Zum Ludwigstal 35<br>45527 Hattingen (Ruhr)<br>North Rhine-Westphalia<\/p>\n\n\n\n<h2 class=\"wp-block-heading\">General description of the service<\/h2>\n\n\n\n<p>Sale of brakes, friction connections, rotor locks, shaft nuts to B2B customers worldwide.<\/p>\n\n\n\n<h2 class=\"wp-block-heading\">Explanations on the implementation of the service<\/h2>\n\n\n\n<p>The website only provides information about the products and the company. It is not an online shop. Orders must be placed by telephone or e-mail.<\/p>\n\n\n\n<h2 class=\"wp-block-heading\">Status of compatibility with the requirements<\/h2>\n\n\n\n<p>The above-mentioned service is fully compliant with the Accessibility Reinforcement Act (BFSG).<\/p>\n\n\n\n<h2 class=\"wp-block-heading\">Preparation of the accessibility statement<\/h2>\n\n\n\n<p>Date of preparation of the accessibility statement: 02\/07\/2025<br>Date of the last review of the above-mentioned services with regard to accessibility requirements: 02\/07\/2025<\/p>\n\n\n\n<h2 class=\"wp-block-heading\">Assessment of the status of accessibility<\/h2>\n\n\n\n<p>The assessment of the level of accessibility is based on our self-assessment.<\/p>\n\n\n\n<h2 class=\"wp-block-heading\">Feedback option and contact details<\/h2>\n\n\n\n<p>Address:<br>High street 5<br>45894 Gelsenkirchen<\/p>\n\n\n\n<p>E-mail: info@thatsit.marketing<\/p>\n\n\n\n<p>Phone: 0209 36660644<\/p>\n\n\n\n<p>Link to the website: <a href=\"https:\/\/stueweschweiz.test.thatsit.marketing\/en\/contact\/\">https:\/\/stueweschweiz.test.thatsit.marketing\/kontakt\/<\/a><\/p>","protected":false},"excerpt":{"rendered":"<p>Erkl\u00e4rung zur Barrierefreiheit f\u00fcr Dienstleistungen Im Rahmen unserer Barrierefreiheitserkl\u00e4rung m\u00f6chten wir Ihnen einen \u00dcberblick \u00fcber den Stand der Vereinbarkeit der unten beschriebenen Dienstleistung(en) mit den Anforderungen der Barrierefreiheit nach gesetzlichen Vorschriften (insbesondere mit dem Barrierefreiheitsst\u00e4rkungsgesetz \u2013 BFSG) geben. Angaben zum Dienstleistungserbringer&#8230;<\/p>","protected":false},"author":8,"featured_media":0,"parent":0,"menu_order":0,"comment_status":"closed","ping_status":"closed","template":"","meta":{"footnotes":""},"class_list":["post-19311","page","type-page","status-publish","hentry"],"_links":{"self":[{"href":"https:\/\/stueweschweiz.test.thatsit.marketing\/en\/wp-json\/wp\/v2\/pages\/19311","targetHints":{"allow":["GET"]}}],"collection":[{"href":"https:\/\/stueweschweiz.test.thatsit.marketing\/en\/wp-json\/wp\/v2\/pages"}],"about":[{"href":"https:\/\/stueweschweiz.test.thatsit.marketing\/en\/wp-json\/wp\/v2\/types\/page"}],"author":[{"embeddable":true,"href":"https:\/\/stueweschweiz.test.thatsit.marketing\/en\/wp-json\/wp\/v2\/users\/8"}],"replies":[{"embeddable":true,"href":"https:\/\/stueweschweiz.test.thatsit.marketing\/en\/wp-json\/wp\/v2\/comments?post=19311"}],"version-history":[{"count":1,"href":"https:\/\/stueweschweiz.test.thatsit.marketing\/en\/wp-json\/wp\/v2\/pages\/19311\/revisions"}],"predecessor-version":[{"id":19313,"href":"https:\/\/stueweschweiz.test.thatsit.marketing\/en\/wp-json\/wp\/v2\/pages\/19311\/revisions\/19313"}],"wp:attachment":[{"href":"https:\/\/stueweschweiz.test.thatsit.marketing\/en\/wp-json\/wp\/v2\/media?parent=19311"}],"curies":[{"name":"wp","href":"https:\/\/api.w.org\/{rel}","templated":true}]}}