{"id":20382,"date":"2026-01-15T11:52:41","date_gmt":"2026-01-15T10:52:41","guid":{"rendered":"https:\/\/stueweschweiz.test.thatsit.marketing\/?page_id=20382"},"modified":"2026-02-20T15:23:44","modified_gmt":"2026-02-20T14:23:44","slug":"einflaechenkupplungen-und-bremsen","status":"publish","type":"page","link":"https:\/\/stueweschweiz.test.thatsit.marketing\/en\/einflaechenkupplungen-und-bremsen\/","title":{"rendered":"ST\u00dcWE Einfl\u00e4chenkupplungen &amp; -Bremsen"},"content":{"rendered":"<div data-elementor-type=\"wp-page\" data-elementor-id=\"20382\" class=\"elementor elementor-20382\">\n\t\t\t\t<div class=\"elementor-element elementor-element-8f1e59a e-flex e-con-boxed e-con e-parent\" data-id=\"8f1e59a\" data-element_type=\"container\" data-e-type=\"container\" data-settings=\"{&quot;background_background&quot;:&quot;classic&quot;}\">\n\t\t\t\t\t<div class=\"e-con-inner\">\n\t\t<div class=\"elementor-element elementor-element-1df69c9 e-con-full e-flex e-con e-child\" data-id=\"1df69c9\" data-element_type=\"container\" data-e-type=\"container\">\n\t\t\t\t<div class=\"elementor-element elementor-element-e97a72b elementor-widget elementor-widget-industrium_heading\" data-id=\"e97a72b\" data-element_type=\"widget\" data-e-type=\"widget\" data-widget_type=\"industrium_heading.default\">\n\t\t\t\t<div class=\"elementor-widget-container\">\n\t\t\t\t\t<div class=\"industrium-heading-widget\"><h2 class=\"industrium-heading\"><span class=\"industrium-subheading no-dot\">St\u00fcwe Einfl\u00e4chenkupplungen &amp; -Bremsen<\/span><span class=\"industrium-heading-content\">Powerful and versatile<\/span><\/h2><\/div>\t\t\t\t<\/div>\n\t\t\t\t<\/div>\n\t\t\t\t<div class=\"elementor-element elementor-element-48f9852 elementor-widget elementor-widget-text-editor\" data-id=\"48f9852\" data-element_type=\"widget\" data-e-type=\"widget\" data-widget_type=\"text-editor.default\">\n\t\t\t\t<div class=\"elementor-widget-container\">\n\t\t\t\t\t\t\t\t\t<p>Elektromagnetische Kupplungen und Bremsen sind schaltbare Maschinenelemente, <br \/>die Bewegungen pr\u00e4zise trennen, verbinden oder stoppen. Durch das Anlegen <br \/>elektrischer Energie entsteht ein Magnetfeld, das den Kraftschluss zwischen zwei <br \/>Komponenten aufbaut oder l\u00f6st. Dadurch lassen sich Antriebsabl\u00e4ufe sehr schnell <br \/>und mit hoher Wiederholgenauigkeit steuern. Das Ergebnis: exakte Positionierung, <br \/>reproduzierbare Schaltvorg\u00e4nge und eine verl\u00e4ssliche Kraft\u00fcbertragung, selbst bei <br \/>hohen Taktraten und dauerhaftem Betrieb.<\/p>\t\t\t\t\t\t\t\t<\/div>\n\t\t\t\t<\/div>\n\t\t\t\t<div class=\"elementor-element elementor-element-ae82928 elementor-widget elementor-widget-industrium_heading\" data-id=\"ae82928\" data-element_type=\"widget\" data-e-type=\"widget\" data-widget_type=\"industrium_heading.default\">\n\t\t\t\t<div class=\"elementor-widget-container\">\n\t\t\t\t\t<div class=\"industrium-heading-widget\"><h2 class=\"industrium-heading\"><span class=\"industrium-heading-content\">Vorteile unserer Einfl\u00e4chenkupplungen &amp; - Bremsen:<\/span><\/h2><\/div>\t\t\t\t<\/div>\n\t\t\t\t<\/div>\n\t\t\t\t<div class=\"elementor-element elementor-element-c5e7a2c elementor-widget__width-auto elementor-icon-list--layout-traditional elementor-list-item-link-full_width elementor-widget elementor-widget-icon-list\" data-id=\"c5e7a2c\" data-element_type=\"widget\" data-e-type=\"widget\" data-widget_type=\"icon-list.default\">\n\t\t\t\t<div class=\"elementor-widget-container\">\n\t\t\t\t\t\t\t<ul class=\"elementor-icon-list-items\">\n\t\t\t\t\t\t\t<li class=\"elementor-icon-list-item\">\n\t\t\t\t\t\t\t\t\t\t\t<span class=\"elementor-icon-list-icon\">\n\t\t\t\t\t\t\t<svg aria-hidden=\"true\" class=\"e-font-icon-svg e-fas-dot-circle\" viewbox=\"0 0 512 512\" xmlns=\"http:\/\/www.w3.org\/2000\/svg\"><path d=\"M256 8C119.033 8 8 119.033 8 256s111.033 248 248 248 248-111.033 248-248S392.967 8 256 8zm80 248c0 44.112-35.888 80-80 80s-80-35.888-80-80 35.888-80 80-80 80 35.888 80 80z\"><\/path><\/svg>\t\t\t\t\t\t<\/span>\n\t\t\t\t\t\t\t\t\t\t<span class=\"elementor-icon-list-text\">Reibschl\u00fcssige Drehmoment\u00fcbertragung<\/span>\n\t\t\t\t\t\t\t\t\t<\/li>\n\t\t\t\t\t\t\t\t<li class=\"elementor-icon-list-item\">\n\t\t\t\t\t\t\t\t\t\t\t<span class=\"elementor-icon-list-icon\">\n\t\t\t\t\t\t\t<svg aria-hidden=\"true\" class=\"e-font-icon-svg e-fas-dot-circle\" viewbox=\"0 0 512 512\" xmlns=\"http:\/\/www.w3.org\/2000\/svg\"><path d=\"M256 8C119.033 8 8 119.033 8 256s111.033 248 248 248 248-111.033 248-248S392.967 8 256 8zm80 248c0 44.112-35.888 80-80 80s-80-35.888-80-80 35.888-80 80-80 80 35.888 80 80z\"><\/path><\/svg>\t\t\t\t\t\t<\/span>\n\t\t\t\t\t\t\t\t\t\t<span class=\"elementor-icon-list-text\">Organischer Belag f\u00fcr Trockenlauf<\/span>\n\t\t\t\t\t\t\t\t\t<\/li>\n\t\t\t\t\t\t\t\t<li class=\"elementor-icon-list-item\">\n\t\t\t\t\t\t\t\t\t\t\t<span class=\"elementor-icon-list-icon\">\n\t\t\t\t\t\t\t<svg aria-hidden=\"true\" class=\"e-font-icon-svg e-fas-dot-circle\" viewbox=\"0 0 512 512\" xmlns=\"http:\/\/www.w3.org\/2000\/svg\"><path d=\"M256 8C119.033 8 8 119.033 8 256s111.033 248 248 248 248-111.033 248-248S392.967 8 256 8zm80 248c0 44.112-35.888 80-80 80s-80-35.888-80-80 35.888-80 80-80 80 35.888 80 80z\"><\/path><\/svg>\t\t\t\t\t\t<\/span>\n\t\t\t\t\t\t\t\t\t\t<span class=\"elementor-icon-list-text\">Gleichspannung 24V DC (Standard)<\/span>\n\t\t\t\t\t\t\t\t\t<\/li>\n\t\t\t\t\t\t\t\t<li class=\"elementor-icon-list-item\">\n\t\t\t\t\t\t\t\t\t\t\t<span class=\"elementor-icon-list-icon\">\n\t\t\t\t\t\t\t<svg aria-hidden=\"true\" class=\"e-font-icon-svg e-fas-dot-circle\" viewbox=\"0 0 512 512\" xmlns=\"http:\/\/www.w3.org\/2000\/svg\"><path d=\"M256 8C119.033 8 8 119.033 8 256s111.033 248 248 248 248-111.033 248-248S392.967 8 256 8zm80 248c0 44.112-35.888 80-80 80s-80-35.888-80-80 35.888-80 80-80 80 35.888 80 80z\"><\/path><\/svg>\t\t\t\t\t\t<\/span>\n\t\t\t\t\t\t\t\t\t\t<span class=\"elementor-icon-list-text\">Stromlos ge\u00f6ffnet<\/span>\n\t\t\t\t\t\t\t\t\t<\/li>\n\t\t\t\t\t\t\t\t<li class=\"elementor-icon-list-item\">\n\t\t\t\t\t\t\t\t\t\t\t<span class=\"elementor-icon-list-icon\">\n\t\t\t\t\t\t\t<svg aria-hidden=\"true\" class=\"e-font-icon-svg e-fas-dot-circle\" viewbox=\"0 0 512 512\" xmlns=\"http:\/\/www.w3.org\/2000\/svg\"><path d=\"M256 8C119.033 8 8 119.033 8 256s111.033 248 248 248 248-111.033 248-248S392.967 8 256 8zm80 248c0 44.112-35.888 80-80 80s-80-35.888-80-80 35.888-80 80-80 80 35.888 80 80z\"><\/path><\/svg>\t\t\t\t\t\t<\/span>\n\t\t\t\t\t\t\t\t\t\t<span class=\"elementor-icon-list-text\">Spielfrei<\/span>\n\t\t\t\t\t\t\t\t\t<\/li>\n\t\t\t\t\t\t\t\t<li class=\"elementor-icon-list-item\">\n\t\t\t\t\t\t\t\t\t\t\t<span class=\"elementor-icon-list-icon\">\n\t\t\t\t\t\t\t<svg aria-hidden=\"true\" class=\"e-font-icon-svg e-fas-dot-circle\" viewbox=\"0 0 512 512\" xmlns=\"http:\/\/www.w3.org\/2000\/svg\"><path d=\"M256 8C119.033 8 8 119.033 8 256s111.033 248 248 248 248-111.033 248-248S392.967 8 256 8zm80 248c0 44.112-35.888 80-80 80s-80-35.888-80-80 35.888-80 80-80 80 35.888 80 80z\"><\/path><\/svg>\t\t\t\t\t\t<\/span>\n\t\t\t\t\t\t\t\t\t\t<span class=\"elementor-icon-list-text\">100% Einschaltdauer ausgelegt<\/span>\n\t\t\t\t\t\t\t\t\t<\/li>\n\t\t\t\t\t\t\t\t<li class=\"elementor-icon-list-item\">\n\t\t\t\t\t\t\t\t\t\t\t<span class=\"elementor-icon-list-icon\">\n\t\t\t\t\t\t\t<svg aria-hidden=\"true\" class=\"e-font-icon-svg e-fas-dot-circle\" viewbox=\"0 0 512 512\" xmlns=\"http:\/\/www.w3.org\/2000\/svg\"><path d=\"M256 8C119.033 8 8 119.033 8 256s111.033 248 248 248 248-111.033 248-248S392.967 8 256 8zm80 248c0 44.112-35.888 80-80 80s-80-35.888-80-80 35.888-80 80-80 80 35.888 80 80z\"><\/path><\/svg>\t\t\t\t\t\t<\/span>\n\t\t\t\t\t\t\t\t\t\t<span class=\"elementor-icon-list-text\">Drehmomente 7.5 Nm bis 480 Nm<\/span>\n\t\t\t\t\t\t\t\t\t<\/li>\n\t\t\t\t\t\t<\/ul>\n\t\t\t\t\t\t<\/div>\n\t\t\t\t<\/div>\n\t\t\t\t<\/div>\n\t\t<div class=\"elementor-element elementor-element-c73b352 e-con-full e-flex e-con e-child\" data-id=\"c73b352\" data-element_type=\"container\" data-e-type=\"container\" data-settings=\"{&quot;background_background&quot;:&quot;classic&quot;}\">\n\t\t\t\t<div class=\"elementor-element elementor-element-7cabc66 elementor-widget elementor-widget-image\" data-id=\"7cabc66\" data-element_type=\"widget\" data-e-type=\"widget\" data-widget_type=\"image.default\">\n\t\t\t\t<div class=\"elementor-widget-container\">\n\t\t\t\t\t\t\t\t\t\t\t\t\t\t\t<img fetchpriority=\"high\" decoding=\"async\" width=\"600\" height=\"600\" src=\"https:\/\/stueweschweiz.test.thatsit.marketing\/wp-content\/uploads\/2026\/01\/Einflaechenkupplungen-Bremsen-1.png\" class=\"attachment-full size-full wp-image-20705\" alt=\"\" srcset=\"https:\/\/stueweschweiz.test.thatsit.marketing\/wp-content\/uploads\/2026\/01\/Einflaechenkupplungen-Bremsen-1.png 600w, https:\/\/stueweschweiz.test.thatsit.marketing\/wp-content\/uploads\/2026\/01\/Einflaechenkupplungen-Bremsen-1-300x300.png 300w, https:\/\/stueweschweiz.test.thatsit.marketing\/wp-content\/uploads\/2026\/01\/Einflaechenkupplungen-Bremsen-1-150x150.png 150w, https:\/\/stueweschweiz.test.thatsit.marketing\/wp-content\/uploads\/2026\/01\/Einflaechenkupplungen-Bremsen-1-12x12.png 12w\" sizes=\"(max-width: 600px) 100vw, 600px\" \/>\t\t\t\t\t\t\t\t\t\t\t\t\t\t\t<\/div>\n\t\t\t\t<\/div>\n\t\t\t\t<div class=\"elementor-element elementor-element-d034fe3 elementor-widget elementor-widget-icon-box\" data-id=\"d034fe3\" data-element_type=\"widget\" data-e-type=\"widget\" data-widget_type=\"icon-box.default\">\n\t\t\t\t<div class=\"elementor-widget-container\">\n\t\t\t\t\t\t\t<div class=\"elementor-icon-box-wrapper\">\n\n\t\t\t\n\t\t\t\t\t\t<div class=\"elementor-icon-box-content\">\n\n\t\t\t\t\n\t\t\t\t\t\t\t\t\t<p class=\"elementor-icon-box-description\">\n\t\t\t\t\t\tEinfl\u00e4chenkupplungen &amp; -Bremsen\t\t\t\t\t<\/p>\n\t\t\t\t\n\t\t\t<\/div>\n\t\t\t\n\t\t<\/div>\n\t\t\t\t\t\t<\/div>\n\t\t\t\t<\/div>\n\t\t\t\t<div class=\"elementor-element elementor-element-e7b4431 elementor-widget elementor-widget-image\" data-id=\"e7b4431\" data-element_type=\"widget\" data-e-type=\"widget\" data-widget_type=\"image.default\">\n\t\t\t\t<div class=\"elementor-widget-container\">\n\t\t\t\t\t\t\t\t\t\t\t\t\t\t\t<img decoding=\"async\" width=\"600\" height=\"600\" src=\"https:\/\/stueweschweiz.test.thatsit.marketing\/wp-content\/uploads\/2026\/02\/Einflaechenbremsen.png\" class=\"attachment-full size-full wp-image-21478\" alt=\"\" srcset=\"https:\/\/stueweschweiz.test.thatsit.marketing\/wp-content\/uploads\/2026\/02\/Einflaechenbremsen.png 600w, https:\/\/stueweschweiz.test.thatsit.marketing\/wp-content\/uploads\/2026\/02\/Einflaechenbremsen-300x300.png 300w, https:\/\/stueweschweiz.test.thatsit.marketing\/wp-content\/uploads\/2026\/02\/Einflaechenbremsen-150x150.png 150w, https:\/\/stueweschweiz.test.thatsit.marketing\/wp-content\/uploads\/2026\/02\/Einflaechenbremsen-12x12.png 12w\" sizes=\"(max-width: 600px) 100vw, 600px\" \/>\t\t\t\t\t\t\t\t\t\t\t\t\t\t\t<\/div>\n\t\t\t\t<\/div>\n\t\t\t\t<\/div>\n\t\t\t\t\t<\/div>\n\t\t\t\t<\/div>\n\t\t<div class=\"elementor-element elementor-element-3ab101b e-con-full e-flex e-con e-parent\" data-id=\"3ab101b\" data-element_type=\"container\" data-e-type=\"container\" data-settings=\"{&quot;background_background&quot;:&quot;classic&quot;}\">\n\t\t\t\t<div class=\"elementor-element elementor-element-5a288d8 elementor-widget elementor-widget-heading\" data-id=\"5a288d8\" data-element_type=\"widget\" data-e-type=\"widget\" data-widget_type=\"heading.default\">\n\t\t\t\t<div class=\"elementor-widget-container\">\n\t\t\t\t\t<h2 class=\"elementor-heading-title elementor-size-default\">Einfl\u00e4chenkupplungen<\/h2>\t\t\t\t<\/div>\n\t\t\t\t<\/div>\n\t\t\t\t<\/div>\n\t\t<div class=\"elementor-element elementor-element-e72fa47 e-con-full e-flex e-con e-parent\" data-id=\"e72fa47\" data-element_type=\"container\" data-e-type=\"container\" data-settings=\"{&quot;background_background&quot;:&quot;classic&quot;}\">\n\t\t<div class=\"elementor-element elementor-element-c06a63c e-con-full e-flex e-con e-child\" data-id=\"c06a63c\" data-element_type=\"container\" data-e-type=\"container\">\n\t\t\t\t<div class=\"elementor-element elementor-element-9007a39 elementor-widget elementor-widget-html\" data-id=\"9007a39\" data-element_type=\"widget\" data-e-type=\"widget\" data-widget_type=\"html.default\">\n\t\t\t\t<div class=\"elementor-widget-container\">\n\t\t\t\t\t<div class=\"ss-service-card\">\n        <a href=\"https:\/\/stueweschweiz.test.thatsit.marketing\/en\/stuewe-einflaechenkupplungen-08-100\/\" >\n            <img decoding=\"async\" src=\"https:\/\/stueweschweiz.test.thatsit.marketing\/wp-content\/uploads\/2026\/01\/Einflaechenkupplungen-Bremsen.png\" alt=\"Shrink discs - mechanical: HSD and SD\">\n            <div class=\"ss-service-content\">\n                <div class=\"ss-service-title-wrapper\">\n                    <h5 class=\"ss-service-title\"> Einfl\u00e4chenkupplung 08-100<\/h5>\n\n<svg viewbox=\"0 0 1702 1371.1542\" xmlns=\"http:\/\/www.w3.org\/2000\/svg\" class=\"arrow-icon\">\n  <path d=\"M971 148v-41H271v71h564L0 1048l53 59 835-871v530h83V148z\" fill=\"white\"\/>\n<\/svg>\n                <\/div>\n                <div class=\"ss-service-excerpt\"><\/div>\n            <\/div>\n        <\/a>\n    <\/div>\t\t\t\t<\/div>\n\t\t\t\t<\/div>\n\t\t\t\t<\/div>\n\t\t<div class=\"elementor-element elementor-element-05d7cf9 e-con-full e-flex e-con e-child\" data-id=\"05d7cf9\" data-element_type=\"container\" data-e-type=\"container\">\n\t\t\t\t<div class=\"elementor-element elementor-element-c0ad91a elementor-widget elementor-widget-html\" data-id=\"c0ad91a\" data-element_type=\"widget\" data-e-type=\"widget\" data-widget_type=\"html.default\">\n\t\t\t\t<div class=\"elementor-widget-container\">\n\t\t\t\t\t<div class=\"ss-service-card\">\n        <a href=\"https:\/\/stueweschweiz.test.thatsit.marketing\/en\/stuewe-einflaechenkupplungen-08-101\/\">\n            <img decoding=\"async\" src=\"https:\/\/stueweschweiz.test.thatsit.marketing\/wp-content\/uploads\/2026\/01\/Einflaechenkupplungen-Bremsen.png\" alt=\"St\u00fcwe shrink discs - hydraulic: HYD\">\n            <div class=\"ss-service-content\">\n                <div class=\"ss-service-title-wrapper\">\n                    <h5 class=\"ss-service-title\"> Einfl\u00e4chenkupplung 08-101<\/h5>\n\n<svg viewbox=\"0 0 1702 1371.1542\" xmlns=\"http:\/\/www.w3.org\/2000\/svg\" class=\"arrow-icon\">\n  <path d=\"M971 148v-41H271v71h564L0 1048l53 59 835-871v530h83V148z\" fill=\"white\"\/>\n<\/svg>\n                <\/div>\n                <div class=\"ss-service-excerpt\">.<\/div>\n            <\/div>\n        <\/a>\n    <\/div>\t\t\t\t<\/div>\n\t\t\t\t<\/div>\n\t\t\t\t<\/div>\n\t\t<div class=\"elementor-element elementor-element-12f9152 e-con-full e-flex e-con e-child\" data-id=\"12f9152\" data-element_type=\"container\" data-e-type=\"container\">\n\t\t\t\t<div class=\"elementor-element elementor-element-5611ebc elementor-widget elementor-widget-html\" data-id=\"5611ebc\" data-element_type=\"widget\" data-e-type=\"widget\" data-widget_type=\"html.default\">\n\t\t\t\t<div class=\"elementor-widget-container\">\n\t\t\t\t\t<div class=\"ss-service-card\" >\n        <a href=\"https:\/\/stueweschweiz.test.thatsit.marketing\/en\/stuewe-einflaechenkupplungen-08-300\/\">\n            <img decoding=\"async\" src=\"https:\/\/stueweschweiz.test.thatsit.marketing\/wp-content\/uploads\/2026\/01\/Einflaechenkupplungen-Bremsen.png\" alt=\"St\u00fcwe shrink discs - split: SDG\">\n            <div class=\"ss-service-content\">\n                <div class=\"ss-service-title-wrapper\">\n                    <h5 class=\"ss-service-title\"> Einfl\u00e4chenkupplung 08-300<\/h5>\n\n<svg viewbox=\"0 0 1702 1371.1542\" xmlns=\"http:\/\/www.w3.org\/2000\/svg\" class=\"arrow-icon\">\n  <path d=\"M971 148v-41H271v71h564L0 1048l53 59 835-871v530h83V148z\" fill=\"white\"\/>\n<\/svg>\n                <\/div>\n                <div class=\"ss-service-excerpt\"><\/div>\n            <\/div>\n        <\/a>\n    <\/div>\t\t\t\t<\/div>\n\t\t\t\t<\/div>\n\t\t\t\t<\/div>\n\t\t<div class=\"elementor-element elementor-element-7d1cff7 e-con-full e-flex e-con e-child\" data-id=\"7d1cff7\" data-element_type=\"container\" data-e-type=\"container\">\n\t\t\t\t<div class=\"elementor-element elementor-element-5742c19 elementor-widget elementor-widget-html\" data-id=\"5742c19\" data-element_type=\"widget\" data-e-type=\"widget\" data-widget_type=\"html.default\">\n\t\t\t\t<div class=\"elementor-widget-container\">\n\t\t\t\t\t<div class=\"ss-service-card\">\n        <a href=\"https:\/\/stueweschweiz.test.thatsit.marketing\/en\/stuewe-einflaechenkupplungen-08-301\/\">\n            <img decoding=\"async\" src=\"https:\/\/stueweschweiz.test.thatsit.marketing\/wp-content\/uploads\/2026\/01\/Einflaechenkupplungen-Bremsen.png\" alt=\"St\u00fcwe external clamping sets\">\n            <div class=\"ss-service-content\">\n                <div class=\"ss-service-title-wrapper\">\n                    <h5 class=\"ss-service-title\"> Einfl\u00e4chenkupplung 08-301<\/h5>\n\n<svg viewbox=\"0 0 1702 1371.1542\" xmlns=\"http:\/\/www.w3.org\/2000\/svg\" class=\"arrow-icon\">\n  <path d=\"M971 148v-41H271v71h564L0 1048l53 59 835-871v530h83V148z\" fill=\"white\"\/>\n<\/svg>\n                <\/div>\n                <div class=\"ss-service-excerpt\"><\/div>\n            <\/div>\n        <\/a>\n    <\/div>\t\t\t\t<\/div>\n\t\t\t\t<\/div>\n\t\t\t\t<\/div>\n\t\t\t\t<\/div>\n\t\t<div class=\"elementor-element elementor-element-ed96025 e-con-full e-flex e-con e-parent\" data-id=\"ed96025\" data-element_type=\"container\" data-e-type=\"container\" data-settings=\"{&quot;background_background&quot;:&quot;classic&quot;}\">\n\t\t\t\t<div class=\"elementor-element elementor-element-7668e1c elementor-widget elementor-widget-heading\" data-id=\"7668e1c\" data-element_type=\"widget\" data-e-type=\"widget\" data-widget_type=\"heading.default\">\n\t\t\t\t<div class=\"elementor-widget-container\">\n\t\t\t\t\t<h2 class=\"elementor-heading-title elementor-size-default\"> Einfl\u00e4chenbremsen<\/h2>\t\t\t\t<\/div>\n\t\t\t\t<\/div>\n\t\t\t\t<\/div>\n\t\t<div class=\"elementor-element elementor-element-f04740d e-con-full e-flex e-con e-parent\" data-id=\"f04740d\" data-element_type=\"container\" data-e-type=\"container\" data-settings=\"{&quot;background_background&quot;:&quot;classic&quot;}\">\n\t\t<div class=\"elementor-element elementor-element-80879bf e-con-full e-flex e-con e-child\" data-id=\"80879bf\" data-element_type=\"container\" data-e-type=\"container\">\n\t\t\t\t<div class=\"elementor-element elementor-element-8d39040 elementor-widget elementor-widget-html\" data-id=\"8d39040\" data-element_type=\"widget\" data-e-type=\"widget\" data-widget_type=\"html.default\">\n\t\t\t\t<div class=\"elementor-widget-container\">\n\t\t\t\t\t<div class=\"ss-service-card\">\n        <a href=\"https:\/\/stueweschweiz.test.thatsit.marketing\/en\/stuewe-einflaechenbremse-09-100\/\" >\n            <img decoding=\"async\" src=\"https:\/\/stueweschweiz.test.thatsit.marketing\/wp-content\/uploads\/2026\/02\/EinflaechenBremsen-1.png\" alt=\"Shrink discs - mechanical: HSD and SD\">\n            <div class=\"ss-service-content\">\n                <div class=\"ss-service-title-wrapper\">\n                    <h5 class=\"ss-service-title\"> Einfl\u00e4chenbremse 09-100<\/h5>\n\n<svg viewbox=\"0 0 1702 1371.1542\" xmlns=\"http:\/\/www.w3.org\/2000\/svg\" class=\"arrow-icon\">\n  <path d=\"M971 148v-41H271v71h564L0 1048l53 59 835-871v530h83V148z\" fill=\"white\"\/>\n<\/svg>\n                <\/div>\n                <div class=\"ss-service-excerpt\"><\/div>\n            <\/div>\n        <\/a>\n    <\/div>\t\t\t\t<\/div>\n\t\t\t\t<\/div>\n\t\t\t\t<\/div>\n\t\t<div class=\"elementor-element elementor-element-2f7be78 e-con-full e-flex e-con e-child\" data-id=\"2f7be78\" data-element_type=\"container\" data-e-type=\"container\">\n\t\t\t\t<div class=\"elementor-element elementor-element-af0f7de elementor-widget elementor-widget-html\" data-id=\"af0f7de\" data-element_type=\"widget\" data-e-type=\"widget\" data-widget_type=\"html.default\">\n\t\t\t\t<div class=\"elementor-widget-container\">\n\t\t\t\t\t<div class=\"ss-service-card\">\n        <a href=\"https:\/\/stueweschweiz.test.thatsit.marketing\/en\/stuewe-einflaechenbremse-09-101\/\">\n            <img decoding=\"async\" src=\"https:\/\/stueweschweiz.test.thatsit.marketing\/wp-content\/uploads\/2026\/02\/EinflaechenBremsen-1.png\" alt=\"St\u00fcwe shrink discs - hydraulic: HYD\">\n            <div class=\"ss-service-content\">\n                <div class=\"ss-service-title-wrapper\">\n                    <h5 class=\"ss-service-title\"> Einfl\u00e4chenbremse 09-101<\/h5>\n\n<svg viewbox=\"0 0 1702 1371.1542\" xmlns=\"http:\/\/www.w3.org\/2000\/svg\" class=\"arrow-icon\">\n  <path d=\"M971 148v-41H271v71h564L0 1048l53 59 835-871v530h83V148z\" fill=\"white\"\/>\n<\/svg>\n                <\/div>\n                <div class=\"ss-service-excerpt\"><\/div>\n            <\/div>\n        <\/a>\n    <\/div>\t\t\t\t<\/div>\n\t\t\t\t<\/div>\n\t\t\t\t<\/div>\n\t\t<div class=\"elementor-element elementor-element-3f06fd7 e-con-full e-flex e-con e-child\" data-id=\"3f06fd7\" data-element_type=\"container\" data-e-type=\"container\">\n\t\t\t\t<div class=\"elementor-element elementor-element-bce474a elementor-widget elementor-widget-html\" data-id=\"bce474a\" data-element_type=\"widget\" data-e-type=\"widget\" data-widget_type=\"html.default\">\n\t\t\t\t<div class=\"elementor-widget-container\">\n\t\t\t\t\t<div class=\"ss-service-card\" >\n        <a href=\"https:\/\/stueweschweiz.test.thatsit.marketing\/en\/stuewe-einflaechenbremse-09-102\/\">\n            <img decoding=\"async\" src=\"https:\/\/stueweschweiz.test.thatsit.marketing\/wp-content\/uploads\/2026\/02\/EinflaechenBremsen-1.png\" alt=\"St\u00fcwe shrink discs - split: SDG\">\n            <div class=\"ss-service-content\">\n                <div class=\"ss-service-title-wrapper\">\n                    <h5 class=\"ss-service-title\"> Einfl\u00e4chenbremse 09-102<\/h5>\n\n<svg viewbox=\"0 0 1702 1371.1542\" xmlns=\"http:\/\/www.w3.org\/2000\/svg\" class=\"arrow-icon\">\n  <path d=\"M971 148v-41H271v71h564L0 1048l53 59 835-871v530h83V148z\" fill=\"white\"\/>\n<\/svg>\n                <\/div>\n                <div class=\"ss-service-excerpt\"><\/div>\n            <\/div>\n        <\/a>\n    <\/div>\t\t\t\t<\/div>\n\t\t\t\t<\/div>\n\t\t\t\t<\/div>\n\t\t<div class=\"elementor-element elementor-element-4619096 e-con-full e-flex e-con e-child\" data-id=\"4619096\" data-element_type=\"container\" data-e-type=\"container\">\n\t\t\t\t<\/div>\n\t\t\t\t<\/div>\n\t\t<div class=\"elementor-element elementor-element-ef0154a e-con-full e-flex e-con e-parent\" data-id=\"ef0154a\" data-element_type=\"container\" data-e-type=\"container\">\n\t\t<div class=\"elementor-element elementor-element-114de87f e-con-full e-flex e-con e-child\" data-id=\"114de87f\" data-element_type=\"container\" data-e-type=\"container\" data-settings=\"{&quot;background_background&quot;:&quot;classic&quot;}\">\n\t\t\t\t<div class=\"elementor-element elementor-element-5cd8403e elementor-widget elementor-widget-spacer\" data-id=\"5cd8403e\" data-element_type=\"widget\" data-e-type=\"widget\" data-widget_type=\"spacer.default\">\n\t\t\t\t<div class=\"elementor-widget-container\">\n\t\t\t\t\t\t\t<div class=\"elementor-spacer\">\n\t\t\t<div class=\"elementor-spacer-inner\"><\/div>\n\t\t<\/div>\n\t\t\t\t\t\t<\/div>\n\t\t\t\t<\/div>\n\t\t\t\t<\/div>\n\t\t<div class=\"elementor-element elementor-element-12ff0ec4 e-con-full e-flex e-con e-child\" data-id=\"12ff0ec4\" data-element_type=\"container\" data-e-type=\"container\" data-settings=\"{&quot;background_background&quot;:&quot;classic&quot;}\">\n\t\t\t\t<div class=\"elementor-element elementor-element-567a36c5 elementor-widget elementor-widget-industrium_heading\" data-id=\"567a36c5\" data-element_type=\"widget\" data-e-type=\"widget\" data-widget_type=\"industrium_heading.default\">\n\t\t\t\t<div class=\"elementor-widget-container\">\n\t\t\t\t\t<div class=\"industrium-heading-widget\"><h2 class=\"industrium-heading\"><span class=\"industrium-subheading no-dot\">Interested in working with us?<\/span><span class=\"industrium-heading-content\">Contact us<\/span><\/h2><\/div>\t\t\t\t<\/div>\n\t\t\t\t<\/div>\n\t\t\t\t<div class=\"elementor-element elementor-element-11e84236 elementor-align-left elementor-widget elementor-widget-button\" data-id=\"11e84236\" data-element_type=\"widget\" data-e-type=\"widget\" data-widget_type=\"button.default\">\n\t\t\t\t<div class=\"elementor-widget-container\">\n\t\t\t\t\t\t\t\t\t<div class=\"elementor-button-wrapper\">\n\t\t\t\t\t<a class=\"elementor-button elementor-button-link elementor-size-sm\" href=\"\/en\/contact\/\">\n\t\t\t\t\t\t<span class=\"elementor-button-content-wrapper\">\n\t\t\t\t\t\t\t\t\t<span class=\"elementor-button-text\">Contact us<\/span>\n\t\t\t\t\t<\/span>\n\t\t\t\t\t<\/a>\n\t\t\t\t<\/div>\n\t\t\t\t\t\t\t\t<\/div>\n\t\t\t\t<\/div>\n\t\t\t\t<\/div>\n\t\t\t\t<\/div>\n\t\t\t\t<\/div>","protected":false},"excerpt":{"rendered":"<p>Elektromagnetische Kupplungen und Bremsen sind schaltbare Maschinenelemente, die Bewegungen pr\u00e4zise trennen, verbinden oder stoppen. Durch das Anlegen elektrischer Energie entsteht ein Magnetfeld, das den Kraftschluss zwischen zwei Komponenten aufbaut oder l\u00f6st. Dadurch lassen sich Antriebsabl\u00e4ufe sehr schnell und mit hoher Wiederholgenauigkeit&#8230;<\/p>","protected":false},"author":8,"featured_media":0,"parent":0,"menu_order":0,"comment_status":"closed","ping_status":"closed","template":"elementor_header_footer","meta":{"footnotes":""},"class_list":["post-20382","page","type-page","status-publish","hentry"],"_links":{"self":[{"href":"https:\/\/stueweschweiz.test.thatsit.marketing\/en\/wp-json\/wp\/v2\/pages\/20382","targetHints":{"allow":["GET"]}}],"collection":[{"href":"https:\/\/stueweschweiz.test.thatsit.marketing\/en\/wp-json\/wp\/v2\/pages"}],"about":[{"href":"https:\/\/stueweschweiz.test.thatsit.marketing\/en\/wp-json\/wp\/v2\/types\/page"}],"author":[{"embeddable":true,"href":"https:\/\/stueweschweiz.test.thatsit.marketing\/en\/wp-json\/wp\/v2\/users\/8"}],"replies":[{"embeddable":true,"href":"https:\/\/stueweschweiz.test.thatsit.marketing\/en\/wp-json\/wp\/v2\/comments?post=20382"}],"version-history":[{"count":167,"href":"https:\/\/stueweschweiz.test.thatsit.marketing\/en\/wp-json\/wp\/v2\/pages\/20382\/revisions"}],"predecessor-version":[{"id":22066,"href":"https:\/\/stueweschweiz.test.thatsit.marketing\/en\/wp-json\/wp\/v2\/pages\/20382\/revisions\/22066"}],"wp:attachment":[{"href":"https:\/\/stueweschweiz.test.thatsit.marketing\/en\/wp-json\/wp\/v2\/media?parent=20382"}],"curies":[{"name":"wp","href":"https:\/\/api.w.org\/{rel}","templated":true}]}}