{"id":20888,"date":"2026-01-16T11:47:46","date_gmt":"2026-01-16T10:47:46","guid":{"rendered":"https:\/\/stueweschweiz.test.thatsit.marketing\/?page_id=20888"},"modified":"2026-02-23T13:50:23","modified_gmt":"2026-02-23T12:50:23","slug":"stuewe-einflaechenkupplungen-08-101","status":"publish","type":"page","link":"https:\/\/stueweschweiz.test.thatsit.marketing\/en\/stuewe-einflaechenkupplungen-08-101\/","title":{"rendered":"ST\u00dcWE Einfl\u00e4chenkupplung 08-101"},"content":{"rendered":"<div data-elementor-type=\"wp-page\" data-elementor-id=\"20888\" class=\"elementor elementor-20888\">\n\t\t\t\t<div class=\"elementor-element elementor-element-72aea63 e-flex e-con-boxed e-con e-parent\" data-id=\"72aea63\" data-element_type=\"container\" data-e-type=\"container\">\n\t\t\t\t\t<div class=\"e-con-inner\">\n\t\t<div class=\"elementor-element elementor-element-6398a262 e-con-full e-flex e-con e-child\" data-id=\"6398a262\" data-element_type=\"container\" data-e-type=\"container\">\n\t\t\t\t<div class=\"elementor-element elementor-element-766d73f9 elementor-widget elementor-widget-industrium_heading\" data-id=\"766d73f9\" data-element_type=\"widget\" data-e-type=\"widget\" data-widget_type=\"industrium_heading.default\">\n\t\t\t\t<div class=\"elementor-widget-container\">\n\t\t\t\t\t<div class=\"industrium-heading-widget\"><h2 class=\"industrium-heading\"><span class=\"industrium-subheading no-dot\">St\u00fcwe Einfl\u00e4chenkupplung 08-101<\/span><span class=\"industrium-heading-content\">Powerful and versatile<\/span><\/h2><\/div>\t\t\t\t<\/div>\n\t\t\t\t<\/div>\n\t\t\t\t<div class=\"elementor-element elementor-element-e18fe0b elementor-widget elementor-widget-text-editor\" data-id=\"e18fe0b\" data-element_type=\"widget\" data-e-type=\"widget\" data-widget_type=\"text-editor.default\">\n\t\t\t\t<div class=\"elementor-widget-container\">\n\t\t\t\t\t\t\t\t\t<p>Elektromagnetische Kupplungen sind schaltbare Maschinenelemente, die Bewegungen pr\u00e4zise trennen oder verbinden. Durch das Anlegen elektrischer Energie entsteht ein Magnetfeld, das den Kraftschluss zwischen zwei Komponenten aufbaut oder l\u00f6st. Dadurch lassen sich Antriebsabl\u00e4ufe sehr schnell und mit hoher Wiederholgenauigkeit steuern. Das Ergebnis ist eine exakte Positionierung, reproduzierbare Schaltvorg\u00e4nge und eine verl\u00e4ssliche Kraft\u00fcbertragung, selbst bei hohen Taktraten und dauerhaftem Betrieb.<\/p>\t\t\t\t\t\t\t\t<\/div>\n\t\t\t\t<\/div>\n\t\t\t\t<\/div>\n\t\t<div class=\"elementor-element elementor-element-20954d18 e-con-full e-flex e-con e-child\" data-id=\"20954d18\" data-element_type=\"container\" data-e-type=\"container\" data-settings=\"{&quot;background_background&quot;:&quot;classic&quot;}\">\n\t\t\t\t<div class=\"elementor-element elementor-element-5208357b elementor-widget elementor-widget-image\" data-id=\"5208357b\" data-element_type=\"widget\" data-e-type=\"widget\" data-widget_type=\"image.default\">\n\t\t\t\t<div class=\"elementor-widget-container\">\n\t\t\t\t\t\t\t\t\t\t\t\t\t\t\t<img fetchpriority=\"high\" decoding=\"async\" width=\"464\" height=\"471\" src=\"https:\/\/stueweschweiz.test.thatsit.marketing\/wp-content\/uploads\/2026\/02\/Screenshot-2026-02-23-134952.png\" class=\"attachment-full size-full wp-image-22086\" alt=\"\" srcset=\"https:\/\/stueweschweiz.test.thatsit.marketing\/wp-content\/uploads\/2026\/02\/Screenshot-2026-02-23-134952.png 464w, https:\/\/stueweschweiz.test.thatsit.marketing\/wp-content\/uploads\/2026\/02\/Screenshot-2026-02-23-134952-296x300.png 296w, https:\/\/stueweschweiz.test.thatsit.marketing\/wp-content\/uploads\/2026\/02\/Screenshot-2026-02-23-134952-12x12.png 12w\" sizes=\"(max-width: 464px) 100vw, 464px\" \/>\t\t\t\t\t\t\t\t\t\t\t\t\t\t\t<\/div>\n\t\t\t\t<\/div>\n\t\t\t\t<div class=\"elementor-element elementor-element-10dab1b6 elementor-widget elementor-widget-icon-box\" data-id=\"10dab1b6\" data-element_type=\"widget\" data-e-type=\"widget\" data-widget_type=\"icon-box.default\">\n\t\t\t\t<div class=\"elementor-widget-container\">\n\t\t\t\t\t\t\t<div class=\"elementor-icon-box-wrapper\">\n\n\t\t\t\n\t\t\t\t\t\t<div class=\"elementor-icon-box-content\">\n\n\t\t\t\t\t\t\t\t\t<h3 class=\"elementor-icon-box-title\">\n\t\t\t\t\t\t<span  >\n\t\t\t\t\t\t\tTechnische Zeichnung\t\t\t\t\t\t<\/span>\n\t\t\t\t\t<\/h3>\n\t\t\t\t\n\t\t\t\t\n\t\t\t<\/div>\n\t\t\t\n\t\t<\/div>\n\t\t\t\t\t\t<\/div>\n\t\t\t\t<\/div>\n\t\t\t\t<\/div>\n\t\t\t\t\t<\/div>\n\t\t\t\t<\/div>\n\t\t<div class=\"elementor-element elementor-element-3ab101b e-flex e-con-boxed e-con e-parent\" data-id=\"3ab101b\" data-element_type=\"container\" data-e-type=\"container\" data-settings=\"{&quot;background_background&quot;:&quot;classic&quot;}\">\n\t\t\t\t\t<div class=\"e-con-inner\">\n\t\t\t\t<div class=\"elementor-element elementor-element-5a288d8 elementor-widget elementor-widget-heading\" data-id=\"5a288d8\" data-element_type=\"widget\" data-e-type=\"widget\" data-widget_type=\"heading.default\">\n\t\t\t\t<div class=\"elementor-widget-container\">\n\t\t\t\t\t<h2 class=\"elementor-heading-title elementor-size-default\">Datenblatt Einfl\u00e4chenkupplung 08-101<\/h2>\t\t\t\t<\/div>\n\t\t\t\t<\/div>\n\t\t\t\t\t<\/div>\n\t\t\t\t<\/div>\n\t\t<div class=\"elementor-element elementor-element-6c24f38 e-flex e-con-boxed e-con e-parent\" data-id=\"6c24f38\" data-element_type=\"container\" data-e-type=\"container\" data-settings=\"{&quot;background_background&quot;:&quot;classic&quot;}\">\n\t\t\t\t\t<div class=\"e-con-inner\">\n\t\t<div class=\"elementor-element elementor-element-cda6007 e-con-full e-flex e-con e-child\" data-id=\"cda6007\" data-element_type=\"container\" data-e-type=\"container\">\n\t\t\t\t<div class=\"elementor-element elementor-element-809d4dc elementor-widget__width-inherit elementor-widget elementor-widget-shortcode\" data-id=\"809d4dc\" data-element_type=\"widget\" data-e-type=\"widget\" data-widget_type=\"shortcode.default\">\n\t\t\t\t<div class=\"elementor-widget-container\">\n\t\t\t\t\t\t\t<div class=\"elementor-shortcode\"><center>\n  <div class=\"_df_thumb dflip-no-ridge\" id=\"df_20454\"  _slug=\"datenblatt-einflaechenkupplung-08-101\" data-title=\"datenblatt-einflaechenkupplung-08-101\" wpoptions=\"true\" thumb=\"https:\/\/stueweschweiz.test.thatsit.marketing\/wp-content\/uploads\/2026\/01\/Einflaechenkupplungen.jpg\" thumbtype=\"\" >Datenblatt Einfl\u00e4chenkupplung 08-101<\/div><script class=\"df-shortcode-script\" nowprocket type=\"application\/javascript\">window.option_df_20454 = {\"outline\":[],\"autoEnableOutline\":\"false\",\"autoEnableThumbnail\":\"false\",\"overwritePDFOutline\":\"false\",\"direction\":\"1\",\"pageSize\":\"0\",\"source\":\"https:\\\/\\\/stueweschweiz.test.thatsit.marketing\\\/wp-content\\\/uploads\\\/2026\\\/01\\\/Datenblatt-BR-008-101.pdf\",\"wpOptions\":\"true\"}; if(window.DFLIP && window.DFLIP.parseBooks){window.DFLIP.parseBooks();}<\/script>\n<\/center>\n<\/div>\n\t\t\t\t\t\t<\/div>\n\t\t\t\t<\/div>\n\t\t\t\t<\/div>\n\t\t<div class=\"elementor-element elementor-element-143ce33 e-con-full e-flex e-con e-child\" data-id=\"143ce33\" data-element_type=\"container\" data-e-type=\"container\">\n\t\t\t\t<\/div>\n\t\t<div class=\"elementor-element elementor-element-ab238f4 e-con-full e-flex e-con e-child\" data-id=\"ab238f4\" data-element_type=\"container\" data-e-type=\"container\">\n\t\t\t\t<\/div>\n\t\t<div class=\"elementor-element elementor-element-2ddfe0a e-con-full e-flex e-con e-child\" data-id=\"2ddfe0a\" data-element_type=\"container\" data-e-type=\"container\">\n\t\t\t\t<\/div>\n\t\t\t\t\t<\/div>\n\t\t\t\t<\/div>\n\t\t<div class=\"elementor-element elementor-element-3edf00a e-flex e-con-boxed e-con e-parent\" data-id=\"3edf00a\" data-element_type=\"container\" data-e-type=\"container\" data-settings=\"{&quot;background_background&quot;:&quot;classic&quot;}\">\n\t\t\t\t\t<div class=\"e-con-inner\">\n\t\t\t\t<div class=\"elementor-element elementor-element-3b2df5c elementor-widget elementor-widget-heading\" data-id=\"3b2df5c\" data-element_type=\"widget\" data-e-type=\"widget\" data-widget_type=\"heading.default\">\n\t\t\t\t<div class=\"elementor-widget-container\">\n\t\t\t\t\t<h2 class=\"elementor-heading-title elementor-size-default\">Betriebszeichnungen Einfl\u00e4chenkupplung 08-101<\/h2>\t\t\t\t<\/div>\n\t\t\t\t<\/div>\n\t\t\t\t\t<\/div>\n\t\t\t\t<\/div>\n\t\t<div class=\"elementor-element elementor-element-6cbb25b e-flex e-con-boxed e-con e-parent\" data-id=\"6cbb25b\" data-element_type=\"container\" data-e-type=\"container\" data-settings=\"{&quot;background_background&quot;:&quot;classic&quot;}\">\n\t\t\t\t\t<div class=\"e-con-inner\">\n\t\t<div class=\"elementor-element elementor-element-e6dd43c e-con-full e-flex e-con e-child\" data-id=\"e6dd43c\" data-element_type=\"container\" data-e-type=\"container\">\n\t\t\t\t<div class=\"elementor-element elementor-element-228da40 elementor-widget__width-inherit elementor-widget elementor-widget-shortcode\" data-id=\"228da40\" data-element_type=\"widget\" data-e-type=\"widget\" data-widget_type=\"shortcode.default\">\n\t\t\t\t<div class=\"elementor-widget-container\">\n\t\t\t\t\t\t\t<div class=\"elementor-shortcode\"><center>\n  <div class=\"_df_thumb dflip-no-ridge\" id=\"df_20891\"  _slug=\"betriebszeichnungen-einflaechenkupplung-08-101-01\" data-title=\"betriebszeichnungen-einflaechenkupplung-0008-101-01\" wpoptions=\"true\" thumb=\"https:\/\/stueweschweiz.test.thatsit.marketing\/wp-content\/uploads\/2026\/01\/Einflaechenkupplungen.jpg\" thumbtype=\"\" >Betriebszeichnungen Einfl\u00e4chenkupplung 0008-101-01<\/div><script class=\"df-shortcode-script\" nowprocket type=\"application\/javascript\">window.option_df_20891 = {\"outline\":[],\"autoEnableOutline\":\"false\",\"autoEnableThumbnail\":\"false\",\"overwritePDFOutline\":\"false\",\"direction\":\"1\",\"pageSize\":\"0\",\"source\":\"https:\\\/\\\/stueweschweiz.test.thatsit.marketing\\\/wp-content\\\/uploads\\\/2026\\\/01\\\/0008-101-01-502000.pdf\",\"wpOptions\":\"true\"}; if(window.DFLIP && window.DFLIP.parseBooks){window.DFLIP.parseBooks();}<\/script>\n<\/center>\n<\/div>\n\t\t\t\t\t\t<\/div>\n\t\t\t\t<\/div>\n\t\t\t\t<\/div>\n\t\t<div class=\"elementor-element elementor-element-690f801 e-con-full e-flex e-con e-child\" data-id=\"690f801\" data-element_type=\"container\" data-e-type=\"container\">\n\t\t\t\t<div class=\"elementor-element elementor-element-2df841c elementor-widget__width-inherit elementor-widget elementor-widget-shortcode\" data-id=\"2df841c\" data-element_type=\"widget\" data-e-type=\"widget\" data-widget_type=\"shortcode.default\">\n\t\t\t\t<div class=\"elementor-widget-container\">\n\t\t\t\t\t\t\t<div class=\"elementor-shortcode\"><center> <div class=\"_df_thumb dflip-no-ridge\" id=\"df_20894\"  _slug=\"betriebszeichnungen-einflaechenkupplung-08-101-05\" data-title=\"betriebszeichnungen-einflaechenkupplung-0008-101-05\" wpoptions=\"true\" thumb=\"https:\/\/stueweschweiz.test.thatsit.marketing\/wp-content\/uploads\/2026\/01\/Einflaechenkupplungen.jpg\" thumbtype=\"\" >Betriebszeichnungen Einfl\u00e4chenkupplung 0008-101-05<\/div><script class=\"df-shortcode-script\" nowprocket type=\"application\/javascript\">window.option_df_20894 = {\"outline\":[],\"autoEnableOutline\":\"false\",\"autoEnableThumbnail\":\"false\",\"overwritePDFOutline\":\"false\",\"direction\":\"1\",\"pageSize\":\"0\",\"source\":\"https:\\\/\\\/stueweschweiz.test.thatsit.marketing\\\/wp-content\\\/uploads\\\/2026\\\/01\\\/0008-101-05-502000.pdf\",\"wpOptions\":\"true\"}; if(window.DFLIP && window.DFLIP.parseBooks){window.DFLIP.parseBooks();}<\/script><\/center><\/div>\n\t\t\t\t\t\t<\/div>\n\t\t\t\t<\/div>\n\t\t\t\t<\/div>\n\t\t<div class=\"elementor-element elementor-element-6873f14 e-con-full e-flex e-con e-child\" data-id=\"6873f14\" data-element_type=\"container\" data-e-type=\"container\">\n\t\t\t\t<div class=\"elementor-element elementor-element-c7edc8e elementor-widget__width-inherit elementor-widget elementor-widget-shortcode\" data-id=\"c7edc8e\" data-element_type=\"widget\" data-e-type=\"widget\" data-widget_type=\"shortcode.default\">\n\t\t\t\t<div class=\"elementor-widget-container\">\n\t\t\t\t\t\t\t<div class=\"elementor-shortcode\"><center> <div class=\"_df_thumb dflip-no-ridge\" id=\"df_20895\"  _slug=\"betriebszeichnungen-einflaechenkupplung-08-101-09\" data-title=\"betriebszeichnungen-einflaechenkupplung-0008-101-09\" wpoptions=\"true\" thumb=\"https:\/\/stueweschweiz.test.thatsit.marketing\/wp-content\/uploads\/2026\/01\/Einflaechenkupplungen.jpg\" thumbtype=\"\" >Betriebszeichnungen Einfl\u00e4chenkupplung 0008-101-09<\/div><script class=\"df-shortcode-script\" nowprocket type=\"application\/javascript\">window.option_df_20895 = {\"outline\":[],\"autoEnableOutline\":\"false\",\"autoEnableThumbnail\":\"false\",\"overwritePDFOutline\":\"false\",\"direction\":\"1\",\"pageSize\":\"0\",\"source\":\"https:\\\/\\\/stueweschweiz.test.thatsit.marketing\\\/wp-content\\\/uploads\\\/2026\\\/01\\\/0008-101-09-502000.pdf\",\"wpOptions\":\"true\"}; if(window.DFLIP && window.DFLIP.parseBooks){window.DFLIP.parseBooks();}<\/script><\/center><\/div>\n\t\t\t\t\t\t<\/div>\n\t\t\t\t<\/div>\n\t\t\t\t<\/div>\n\t\t<div class=\"elementor-element elementor-element-f0377ed e-con-full e-flex e-con e-child\" data-id=\"f0377ed\" data-element_type=\"container\" data-e-type=\"container\">\n\t\t\t\t<div class=\"elementor-element elementor-element-34a595e elementor-widget__width-inherit elementor-widget elementor-widget-shortcode\" data-id=\"34a595e\" data-element_type=\"widget\" data-e-type=\"widget\" data-widget_type=\"shortcode.default\">\n\t\t\t\t<div class=\"elementor-widget-container\">\n\t\t\t\t\t\t\t<div class=\"elementor-shortcode\"><center> <div class=\"_df_thumb dflip-no-ridge\" id=\"df_20896\"  _slug=\"betriebszeichnungen-einflaechenkupplung-08-101-13\" data-title=\"betriebszeichnungen-einflaechenkupplung-0008-101-13\" wpoptions=\"true\" thumb=\"https:\/\/stueweschweiz.test.thatsit.marketing\/wp-content\/uploads\/2026\/01\/Einflaechenkupplungen.jpg\" thumbtype=\"\" >Betriebszeichnungen Einfl\u00e4chenkupplung 0008-101-13<\/div><script class=\"df-shortcode-script\" nowprocket type=\"application\/javascript\">window.option_df_20896 = {\"outline\":[],\"autoEnableOutline\":\"false\",\"autoEnableThumbnail\":\"false\",\"overwritePDFOutline\":\"false\",\"direction\":\"1\",\"pageSize\":\"0\",\"source\":\"https:\\\/\\\/stueweschweiz.test.thatsit.marketing\\\/wp-content\\\/uploads\\\/2026\\\/01\\\/0008-101-13-502000.pdf\",\"wpOptions\":\"true\"}; if(window.DFLIP && window.DFLIP.parseBooks){window.DFLIP.parseBooks();}<\/script><\/center><\/div>\n\t\t\t\t\t\t<\/div>\n\t\t\t\t<\/div>\n\t\t\t\t<\/div>\n\t\t\t\t\t<\/div>\n\t\t\t\t<\/div>\n\t\t<div class=\"elementor-element elementor-element-32916a3 e-flex e-con-boxed e-con e-parent\" data-id=\"32916a3\" data-element_type=\"container\" data-e-type=\"container\" data-settings=\"{&quot;background_background&quot;:&quot;classic&quot;}\">\n\t\t\t\t\t<div class=\"e-con-inner\">\n\t\t<div class=\"elementor-element elementor-element-47eef42 e-con-full e-flex e-con e-child\" data-id=\"47eef42\" data-element_type=\"container\" data-e-type=\"container\">\n\t\t\t\t<div class=\"elementor-element elementor-element-d5eba57 elementor-widget__width-inherit elementor-widget elementor-widget-shortcode\" data-id=\"d5eba57\" data-element_type=\"widget\" data-e-type=\"widget\" data-widget_type=\"shortcode.default\">\n\t\t\t\t<div class=\"elementor-widget-container\">\n\t\t\t\t\t\t\t<div class=\"elementor-shortcode\"><center>\n  <div class=\"_df_thumb dflip-no-ridge\" id=\"df_20897\"  _slug=\"betriebszeichnungen-einflaechenkupplung-08-101-17\" data-title=\"betriebszeichnungen-einflaechenkupplung-0008-101-17\" wpoptions=\"true\" thumb=\"https:\/\/stueweschweiz.test.thatsit.marketing\/wp-content\/uploads\/2026\/01\/Einflaechenkupplungen.jpg\" thumbtype=\"\" >Betriebszeichnungen Einfl\u00e4chenkupplung 0008-101-17<\/div><script class=\"df-shortcode-script\" nowprocket type=\"application\/javascript\">window.option_df_20897 = {\"outline\":[],\"autoEnableOutline\":\"false\",\"autoEnableThumbnail\":\"false\",\"overwritePDFOutline\":\"false\",\"direction\":\"1\",\"pageSize\":\"0\",\"source\":\"https:\\\/\\\/stueweschweiz.test.thatsit.marketing\\\/wp-content\\\/uploads\\\/2026\\\/01\\\/0008-101-17-502000.pdf\",\"wpOptions\":\"true\"}; if(window.DFLIP && window.DFLIP.parseBooks){window.DFLIP.parseBooks();}<\/script>\n<\/center>\n<\/div>\n\t\t\t\t\t\t<\/div>\n\t\t\t\t<\/div>\n\t\t\t\t<\/div>\n\t\t<div class=\"elementor-element elementor-element-c32bb67 e-con-full e-flex e-con e-child\" data-id=\"c32bb67\" data-element_type=\"container\" data-e-type=\"container\">\n\t\t\t\t<div class=\"elementor-element elementor-element-66227b3 elementor-widget__width-inherit elementor-widget elementor-widget-shortcode\" data-id=\"66227b3\" data-element_type=\"widget\" data-e-type=\"widget\" data-widget_type=\"shortcode.default\">\n\t\t\t\t<div class=\"elementor-widget-container\">\n\t\t\t\t\t\t\t<div class=\"elementor-shortcode\"><center> <div class=\"_df_thumb dflip-no-ridge\" id=\"df_20899\"  _slug=\"betriebszeichnungen-einflaechenkupplung-08-101-25\" data-title=\"betriebszeichnungen-einflaechenkupplung-0008-101-25\" wpoptions=\"true\" thumb=\"https:\/\/stueweschweiz.test.thatsit.marketing\/wp-content\/uploads\/2026\/01\/Einflaechenkupplungen.jpg\" thumbtype=\"\" >Betriebszeichnungen Einfl\u00e4chenkupplung 0008-101-25<\/div><script class=\"df-shortcode-script\" nowprocket type=\"application\/javascript\">window.option_df_20899 = {\"outline\":[],\"autoEnableOutline\":\"false\",\"autoEnableThumbnail\":\"false\",\"overwritePDFOutline\":\"false\",\"direction\":\"1\",\"pageSize\":\"0\",\"source\":\"https:\\\/\\\/stueweschweiz.test.thatsit.marketing\\\/wp-content\\\/uploads\\\/2026\\\/01\\\/0008-101-25-502000.pdf\",\"wpOptions\":\"true\"}; if(window.DFLIP && window.DFLIP.parseBooks){window.DFLIP.parseBooks();}<\/script><\/center><\/div>\n\t\t\t\t\t\t<\/div>\n\t\t\t\t<\/div>\n\t\t\t\t<\/div>\n\t\t<div class=\"elementor-element elementor-element-e4d82b9 e-con-full e-flex e-con e-child\" data-id=\"e4d82b9\" data-element_type=\"container\" data-e-type=\"container\">\n\t\t\t\t<div class=\"elementor-element elementor-element-81e8d01 elementor-widget__width-inherit elementor-widget elementor-widget-shortcode\" data-id=\"81e8d01\" data-element_type=\"widget\" data-e-type=\"widget\" data-widget_type=\"shortcode.default\">\n\t\t\t\t<div class=\"elementor-widget-container\">\n\t\t\t\t\t\t\t<div class=\"elementor-shortcode\"><center> <div class=\"_df_thumb dflip-no-ridge\" id=\"df_20898\"  _slug=\"betriebszeichnungen-einflaechenkupplung-08-101-33\" data-title=\"betriebszeichnungen-einflaechenkupplung-0008-101-33\" wpoptions=\"true\" thumb=\"https:\/\/stueweschweiz.test.thatsit.marketing\/wp-content\/uploads\/2026\/01\/Einflaechenkupplungen.jpg\" thumbtype=\"\" >Betriebszeichnungen Einfl\u00e4chenkupplung 0008-101-33<\/div><script class=\"df-shortcode-script\" nowprocket type=\"application\/javascript\">window.option_df_20898 = {\"outline\":[],\"autoEnableOutline\":\"false\",\"autoEnableThumbnail\":\"false\",\"overwritePDFOutline\":\"false\",\"direction\":\"1\",\"pageSize\":\"0\",\"source\":\"https:\\\/\\\/stueweschweiz.test.thatsit.marketing\\\/wp-content\\\/uploads\\\/2026\\\/01\\\/0008-101-33-502000.pdf\",\"wpOptions\":\"true\"}; if(window.DFLIP && window.DFLIP.parseBooks){window.DFLIP.parseBooks();}<\/script><\/center><\/div>\n\t\t\t\t\t\t<\/div>\n\t\t\t\t<\/div>\n\t\t\t\t<\/div>\n\t\t<div class=\"elementor-element elementor-element-f5f3637 e-con-full e-flex e-con e-child\" data-id=\"f5f3637\" data-element_type=\"container\" data-e-type=\"container\">\n\t\t\t\t<\/div>\n\t\t\t\t\t<\/div>\n\t\t\t\t<\/div>\n\t\t<div class=\"elementor-element elementor-element-2938970a e-con-full e-flex e-con e-parent\" data-id=\"2938970a\" data-element_type=\"container\" data-e-type=\"container\" data-settings=\"{&quot;background_background&quot;:&quot;classic&quot;}\">\n\t\t<div class=\"elementor-element elementor-element-1961164b e-con-full e-flex e-con e-child\" data-id=\"1961164b\" data-element_type=\"container\" data-e-type=\"container\" data-settings=\"{&quot;background_background&quot;:&quot;classic&quot;}\">\n\t\t\t\t<div class=\"elementor-element elementor-element-5e8a1d6b elementor-widget elementor-widget-spacer\" data-id=\"5e8a1d6b\" data-element_type=\"widget\" data-e-type=\"widget\" data-widget_type=\"spacer.default\">\n\t\t\t\t<div class=\"elementor-widget-container\">\n\t\t\t\t\t\t\t<div class=\"elementor-spacer\">\n\t\t\t<div class=\"elementor-spacer-inner\"><\/div>\n\t\t<\/div>\n\t\t\t\t\t\t<\/div>\n\t\t\t\t<\/div>\n\t\t\t\t<\/div>\n\t\t<div class=\"elementor-element elementor-element-2aa7f30b e-con-full e-flex e-con e-child\" data-id=\"2aa7f30b\" data-element_type=\"container\" data-e-type=\"container\" data-settings=\"{&quot;background_background&quot;:&quot;classic&quot;}\">\n\t\t\t\t<div class=\"elementor-element elementor-element-7f7cc718 elementor-widget elementor-widget-industrium_heading\" data-id=\"7f7cc718\" data-element_type=\"widget\" data-e-type=\"widget\" data-widget_type=\"industrium_heading.default\">\n\t\t\t\t<div class=\"elementor-widget-container\">\n\t\t\t\t\t<div class=\"industrium-heading-widget\"><h2 class=\"industrium-heading\"><span class=\"industrium-subheading no-dot\">Interested in working with us?<\/span><span class=\"industrium-heading-content\">Contact us<\/span><\/h2><\/div>\t\t\t\t<\/div>\n\t\t\t\t<\/div>\n\t\t\t\t<div class=\"elementor-element elementor-element-3c0c2e51 elementor-align-left elementor-widget elementor-widget-button\" data-id=\"3c0c2e51\" data-element_type=\"widget\" data-e-type=\"widget\" data-widget_type=\"button.default\">\n\t\t\t\t<div class=\"elementor-widget-container\">\n\t\t\t\t\t\t\t\t\t<div class=\"elementor-button-wrapper\">\n\t\t\t\t\t<a class=\"elementor-button elementor-button-link elementor-size-sm\" href=\"\/en\/contact\/\">\n\t\t\t\t\t\t<span class=\"elementor-button-content-wrapper\">\n\t\t\t\t\t\t\t\t\t<span class=\"elementor-button-text\">Contact us<\/span>\n\t\t\t\t\t<\/span>\n\t\t\t\t\t<\/a>\n\t\t\t\t<\/div>\n\t\t\t\t\t\t\t\t<\/div>\n\t\t\t\t<\/div>\n\t\t\t\t<\/div>\n\t\t\t\t<\/div>\n\t\t\t\t<\/div>","protected":false},"excerpt":{"rendered":"<p>Elektromagnetische Kupplungen sind schaltbare Maschinenelemente, die Bewegungen pr\u00e4zise trennen oder verbinden. Durch das Anlegen elektrischer Energie entsteht ein Magnetfeld, das den Kraftschluss zwischen zwei Komponenten aufbaut oder l\u00f6st. Dadurch lassen sich Antriebsabl\u00e4ufe sehr schnell und mit hoher Wiederholgenauigkeit steuern. Das Ergebnis&#8230;<\/p>","protected":false},"author":8,"featured_media":0,"parent":0,"menu_order":0,"comment_status":"closed","ping_status":"closed","template":"elementor_header_footer","meta":{"footnotes":""},"class_list":["post-20888","page","type-page","status-publish","hentry"],"_links":{"self":[{"href":"https:\/\/stueweschweiz.test.thatsit.marketing\/en\/wp-json\/wp\/v2\/pages\/20888","targetHints":{"allow":["GET"]}}],"collection":[{"href":"https:\/\/stueweschweiz.test.thatsit.marketing\/en\/wp-json\/wp\/v2\/pages"}],"about":[{"href":"https:\/\/stueweschweiz.test.thatsit.marketing\/en\/wp-json\/wp\/v2\/types\/page"}],"author":[{"embeddable":true,"href":"https:\/\/stueweschweiz.test.thatsit.marketing\/en\/wp-json\/wp\/v2\/users\/8"}],"replies":[{"embeddable":true,"href":"https:\/\/stueweschweiz.test.thatsit.marketing\/en\/wp-json\/wp\/v2\/comments?post=20888"}],"version-history":[{"count":23,"href":"https:\/\/stueweschweiz.test.thatsit.marketing\/en\/wp-json\/wp\/v2\/pages\/20888\/revisions"}],"predecessor-version":[{"id":22089,"href":"https:\/\/stueweschweiz.test.thatsit.marketing\/en\/wp-json\/wp\/v2\/pages\/20888\/revisions\/22089"}],"wp:attachment":[{"href":"https:\/\/stueweschweiz.test.thatsit.marketing\/en\/wp-json\/wp\/v2\/media?parent=20888"}],"curies":[{"name":"wp","href":"https:\/\/api.w.org\/{rel}","templated":true}]}}