{"id":20951,"date":"2026-01-16T12:04:35","date_gmt":"2026-01-16T11:04:35","guid":{"rendered":"https:\/\/stueweschweiz.test.thatsit.marketing\/?page_id=20951"},"modified":"2026-02-23T14:04:57","modified_gmt":"2026-02-23T13:04:57","slug":"stuewe-einflaechenkupplungen-08-301","status":"publish","type":"page","link":"https:\/\/stueweschweiz.test.thatsit.marketing\/en\/stuewe-einflaechenkupplungen-08-301\/","title":{"rendered":"ST\u00dcWE Einfl\u00e4chenkupplung 08-301"},"content":{"rendered":"<div data-elementor-type=\"wp-page\" data-elementor-id=\"20951\" class=\"elementor elementor-20951\">\n\t\t\t\t<div class=\"elementor-element elementor-element-1d056bf e-flex e-con-boxed e-con e-parent\" data-id=\"1d056bf\" data-element_type=\"container\" data-e-type=\"container\">\n\t\t\t\t\t<div class=\"e-con-inner\">\n\t\t<div class=\"elementor-element elementor-element-59bb198c e-con-full e-flex e-con e-child\" data-id=\"59bb198c\" data-element_type=\"container\" data-e-type=\"container\">\n\t\t\t\t<div class=\"elementor-element elementor-element-578b830a elementor-widget elementor-widget-industrium_heading\" data-id=\"578b830a\" data-element_type=\"widget\" data-e-type=\"widget\" data-widget_type=\"industrium_heading.default\">\n\t\t\t\t<div class=\"elementor-widget-container\">\n\t\t\t\t\t<div class=\"industrium-heading-widget\"><h2 class=\"industrium-heading\"><span class=\"industrium-subheading no-dot\">St\u00fcwe Einfl\u00e4chenkupplung 08-301<\/span><span class=\"industrium-heading-content\">Powerful and versatile<\/span><\/h2><\/div>\t\t\t\t<\/div>\n\t\t\t\t<\/div>\n\t\t\t\t<div class=\"elementor-element elementor-element-3b006e6f elementor-widget elementor-widget-text-editor\" data-id=\"3b006e6f\" data-element_type=\"widget\" data-e-type=\"widget\" data-widget_type=\"text-editor.default\">\n\t\t\t\t<div class=\"elementor-widget-container\">\n\t\t\t\t\t\t\t\t\t<p>Elektromagnetische Kupplungen sind schaltbare Maschinenelemente, die Bewegungen pr\u00e4zise trennen oder verbinden. Durch das Anlegen elektrischer Energie entsteht ein Magnetfeld, das den Kraftschluss zwischen zwei Komponenten aufbaut oder l\u00f6st. Dadurch lassen sich Antriebsabl\u00e4ufe sehr schnell und mit hoher Wiederholgenauigkeit steuern. Das Ergebnis ist eine exakte Positionierung, reproduzierbare Schaltvorg\u00e4nge und eine verl\u00e4ssliche Kraft\u00fcbertragung, selbst bei hohen Taktraten und dauerhaftem Betrieb.<\/p>\t\t\t\t\t\t\t\t<\/div>\n\t\t\t\t<\/div>\n\t\t\t\t<\/div>\n\t\t<div class=\"elementor-element elementor-element-17b1552 e-con-full e-flex e-con e-child\" data-id=\"17b1552\" data-element_type=\"container\" data-e-type=\"container\" data-settings=\"{&quot;background_background&quot;:&quot;classic&quot;}\">\n\t\t\t\t<div class=\"elementor-element elementor-element-7a4d08c9 elementor-widget elementor-widget-image\" data-id=\"7a4d08c9\" data-element_type=\"widget\" data-e-type=\"widget\" data-widget_type=\"image.default\">\n\t\t\t\t<div class=\"elementor-widget-container\">\n\t\t\t\t\t\t\t\t\t\t\t\t\t\t\t<img fetchpriority=\"high\" decoding=\"async\" width=\"464\" height=\"471\" src=\"https:\/\/stueweschweiz.test.thatsit.marketing\/wp-content\/uploads\/2026\/02\/Screenshot-2026-02-23-134952.png\" class=\"attachment-full size-full wp-image-22086\" alt=\"\" srcset=\"https:\/\/stueweschweiz.test.thatsit.marketing\/wp-content\/uploads\/2026\/02\/Screenshot-2026-02-23-134952.png 464w, https:\/\/stueweschweiz.test.thatsit.marketing\/wp-content\/uploads\/2026\/02\/Screenshot-2026-02-23-134952-296x300.png 296w, https:\/\/stueweschweiz.test.thatsit.marketing\/wp-content\/uploads\/2026\/02\/Screenshot-2026-02-23-134952-12x12.png 12w\" sizes=\"(max-width: 464px) 100vw, 464px\" \/>\t\t\t\t\t\t\t\t\t\t\t\t\t\t\t<\/div>\n\t\t\t\t<\/div>\n\t\t\t\t<div class=\"elementor-element elementor-element-15802061 elementor-widget elementor-widget-icon-box\" data-id=\"15802061\" data-element_type=\"widget\" data-e-type=\"widget\" data-widget_type=\"icon-box.default\">\n\t\t\t\t<div class=\"elementor-widget-container\">\n\t\t\t\t\t\t\t<div class=\"elementor-icon-box-wrapper\">\n\n\t\t\t\n\t\t\t\t\t\t<div class=\"elementor-icon-box-content\">\n\n\t\t\t\t\t\t\t\t\t<h3 class=\"elementor-icon-box-title\">\n\t\t\t\t\t\t<span  >\n\t\t\t\t\t\t\tTechnische Zeichnung\t\t\t\t\t\t<\/span>\n\t\t\t\t\t<\/h3>\n\t\t\t\t\n\t\t\t\t\n\t\t\t<\/div>\n\t\t\t\n\t\t<\/div>\n\t\t\t\t\t\t<\/div>\n\t\t\t\t<\/div>\n\t\t\t\t<\/div>\n\t\t\t\t\t<\/div>\n\t\t\t\t<\/div>\n\t\t<div class=\"elementor-element elementor-element-3ab101b e-flex e-con-boxed e-con e-parent\" data-id=\"3ab101b\" data-element_type=\"container\" data-e-type=\"container\" data-settings=\"{&quot;background_background&quot;:&quot;classic&quot;}\">\n\t\t\t\t\t<div class=\"e-con-inner\">\n\t\t\t\t<div class=\"elementor-element elementor-element-5a288d8 elementor-widget elementor-widget-heading\" data-id=\"5a288d8\" data-element_type=\"widget\" data-e-type=\"widget\" data-widget_type=\"heading.default\">\n\t\t\t\t<div class=\"elementor-widget-container\">\n\t\t\t\t\t<h2 class=\"elementor-heading-title elementor-size-default\">Datenblatt Einfl\u00e4chenkupplung 08-301<\/h2>\t\t\t\t<\/div>\n\t\t\t\t<\/div>\n\t\t\t\t\t<\/div>\n\t\t\t\t<\/div>\n\t\t<div class=\"elementor-element elementor-element-f6e056e e-flex e-con-boxed e-con e-parent\" data-id=\"f6e056e\" data-element_type=\"container\" data-e-type=\"container\" data-settings=\"{&quot;background_background&quot;:&quot;classic&quot;}\">\n\t\t\t\t\t<div class=\"e-con-inner\">\n\t\t<div class=\"elementor-element elementor-element-5846463 e-con-full e-flex e-con e-child\" data-id=\"5846463\" data-element_type=\"container\" data-e-type=\"container\">\n\t\t\t\t<div class=\"elementor-element elementor-element-5f23020 elementor-widget__width-inherit elementor-widget elementor-widget-shortcode\" data-id=\"5f23020\" data-element_type=\"widget\" data-e-type=\"widget\" data-widget_type=\"shortcode.default\">\n\t\t\t\t<div class=\"elementor-widget-container\">\n\t\t\t\t\t\t\t<div class=\"elementor-shortcode\"><center>\n  <div class=\"_df_thumb dflip-no-ridge\" id=\"df_20463\"  _slug=\"datenblatt-einflaechenkupplung-08-301\" data-title=\"datenblatt-einflaechenkupplung-08-301\" wpoptions=\"true\" thumb=\"https:\/\/stueweschweiz.test.thatsit.marketing\/wp-content\/uploads\/2026\/01\/Einflaechenkupplungen.jpg\" thumbtype=\"\" >Datenblatt Einfl\u00e4chenkupplung 08-301<\/div><script class=\"df-shortcode-script\" nowprocket type=\"application\/javascript\">window.option_df_20463 = {\"outline\":[],\"autoEnableOutline\":\"false\",\"autoEnableThumbnail\":\"false\",\"overwritePDFOutline\":\"false\",\"direction\":\"1\",\"pageSize\":\"0\",\"source\":\"https:\\\/\\\/stueweschweiz.test.thatsit.marketing\\\/wp-content\\\/uploads\\\/2026\\\/01\\\/Datenblatt-BR-008-301.pdf\",\"wpOptions\":\"true\"}; if(window.DFLIP && window.DFLIP.parseBooks){window.DFLIP.parseBooks();}<\/script>\n<\/center>\n<\/div>\n\t\t\t\t\t\t<\/div>\n\t\t\t\t<\/div>\n\t\t\t\t<\/div>\n\t\t<div class=\"elementor-element elementor-element-9e94054 e-con-full e-flex e-con e-child\" data-id=\"9e94054\" data-element_type=\"container\" data-e-type=\"container\">\n\t\t\t\t<\/div>\n\t\t<div class=\"elementor-element elementor-element-ea86d8a e-con-full e-flex e-con e-child\" data-id=\"ea86d8a\" data-element_type=\"container\" data-e-type=\"container\">\n\t\t\t\t<\/div>\n\t\t<div class=\"elementor-element elementor-element-0eb6288 e-con-full e-flex e-con e-child\" data-id=\"0eb6288\" data-element_type=\"container\" data-e-type=\"container\">\n\t\t\t\t<\/div>\n\t\t\t\t\t<\/div>\n\t\t\t\t<\/div>\n\t\t<div class=\"elementor-element elementor-element-3edf00a e-flex e-con-boxed e-con e-parent\" data-id=\"3edf00a\" data-element_type=\"container\" data-e-type=\"container\" data-settings=\"{&quot;background_background&quot;:&quot;classic&quot;}\">\n\t\t\t\t\t<div class=\"e-con-inner\">\n\t\t\t\t<div class=\"elementor-element elementor-element-3b2df5c elementor-widget elementor-widget-heading\" data-id=\"3b2df5c\" data-element_type=\"widget\" data-e-type=\"widget\" data-widget_type=\"heading.default\">\n\t\t\t\t<div class=\"elementor-widget-container\">\n\t\t\t\t\t<h2 class=\"elementor-heading-title elementor-size-default\">Betriebszeichnungen Einfl\u00e4chenkupplung 08-301<\/h2>\t\t\t\t<\/div>\n\t\t\t\t<\/div>\n\t\t\t\t\t<\/div>\n\t\t\t\t<\/div>\n\t\t<div class=\"elementor-element elementor-element-bca8150 e-flex e-con-boxed e-con e-parent\" data-id=\"bca8150\" data-element_type=\"container\" data-e-type=\"container\" data-settings=\"{&quot;background_background&quot;:&quot;classic&quot;}\">\n\t\t\t\t\t<div class=\"e-con-inner\">\n\t\t<div class=\"elementor-element elementor-element-91a8a91 e-con-full e-flex e-con e-child\" data-id=\"91a8a91\" data-element_type=\"container\" data-e-type=\"container\">\n\t\t\t\t<div class=\"elementor-element elementor-element-17f8a38 elementor-widget__width-inherit elementor-widget elementor-widget-shortcode\" data-id=\"17f8a38\" data-element_type=\"widget\" data-e-type=\"widget\" data-widget_type=\"shortcode.default\">\n\t\t\t\t<div class=\"elementor-widget-container\">\n\t\t\t\t\t\t\t<div class=\"elementor-shortcode\"><center>\n  <div class=\"_df_thumb dflip-no-ridge\" id=\"df_20958\"  _slug=\"betriebszeichnungen-einflaechenkupplung-08-301-01\" data-title=\"betriebszeichnungen-einflaechenkupplung-0008-301-01\" wpoptions=\"true\" thumb=\"https:\/\/stueweschweiz.test.thatsit.marketing\/wp-content\/uploads\/2026\/01\/Einflaechenkupplungen.jpg\" thumbtype=\"\" >Betriebszeichnungen Einfl\u00e4chenkupplung 0008-301-01<\/div><script class=\"df-shortcode-script\" nowprocket type=\"application\/javascript\">window.option_df_20958 = {\"outline\":[],\"autoEnableOutline\":\"false\",\"autoEnableThumbnail\":\"false\",\"overwritePDFOutline\":\"false\",\"direction\":\"1\",\"pageSize\":\"0\",\"source\":\"https:\\\/\\\/stueweschweiz.test.thatsit.marketing\\\/wp-content\\\/uploads\\\/2026\\\/01\\\/0008-301-01-502000.pdf\",\"wpOptions\":\"true\"}; if(window.DFLIP && window.DFLIP.parseBooks){window.DFLIP.parseBooks();}<\/script>\n<\/center>\n<\/div>\n\t\t\t\t\t\t<\/div>\n\t\t\t\t<\/div>\n\t\t\t\t<\/div>\n\t\t<div class=\"elementor-element elementor-element-552110e e-con-full e-flex e-con e-child\" data-id=\"552110e\" data-element_type=\"container\" data-e-type=\"container\">\n\t\t\t\t<div class=\"elementor-element elementor-element-92947ac elementor-widget__width-inherit elementor-widget elementor-widget-shortcode\" data-id=\"92947ac\" data-element_type=\"widget\" data-e-type=\"widget\" data-widget_type=\"shortcode.default\">\n\t\t\t\t<div class=\"elementor-widget-container\">\n\t\t\t\t\t\t\t<div class=\"elementor-shortcode\"><center> <div class=\"_df_thumb dflip-no-ridge\" id=\"df_20961\"  _slug=\"betriebszeichnungen-einflaechenkupplung-08-301-05\" data-title=\"betriebszeichnungen-einflaechenkupplung-0008-301-05\" wpoptions=\"true\" thumb=\"https:\/\/stueweschweiz.test.thatsit.marketing\/wp-content\/uploads\/2026\/01\/Einflaechenkupplungen.jpg\" thumbtype=\"\" >Betriebszeichnungen Einfl\u00e4chenkupplung 0008-301-05<\/div><script class=\"df-shortcode-script\" nowprocket type=\"application\/javascript\">window.option_df_20961 = {\"outline\":[],\"autoEnableOutline\":\"false\",\"autoEnableThumbnail\":\"false\",\"overwritePDFOutline\":\"false\",\"direction\":\"1\",\"pageSize\":\"0\",\"source\":\"https:\\\/\\\/stueweschweiz.test.thatsit.marketing\\\/wp-content\\\/uploads\\\/2026\\\/01\\\/0008-301-05-502000.pdf\",\"wpOptions\":\"true\"}; if(window.DFLIP && window.DFLIP.parseBooks){window.DFLIP.parseBooks();}<\/script><\/center><\/div>\n\t\t\t\t\t\t<\/div>\n\t\t\t\t<\/div>\n\t\t\t\t<\/div>\n\t\t<div class=\"elementor-element elementor-element-ae10fee e-con-full e-flex e-con e-child\" data-id=\"ae10fee\" data-element_type=\"container\" data-e-type=\"container\">\n\t\t\t\t<div class=\"elementor-element elementor-element-fc94574 elementor-widget__width-inherit elementor-widget elementor-widget-shortcode\" data-id=\"fc94574\" data-element_type=\"widget\" data-e-type=\"widget\" data-widget_type=\"shortcode.default\">\n\t\t\t\t<div class=\"elementor-widget-container\">\n\t\t\t\t\t\t\t<div class=\"elementor-shortcode\"><center> <div class=\"_df_thumb dflip-no-ridge\" id=\"df_20962\"  _slug=\"betriebszeichnungen-einflaechenkupplung-08-301-013\" data-title=\"betriebszeichnungen-einflaechenkupplung-0008-301-013\" wpoptions=\"true\" thumb=\"https:\/\/stueweschweiz.test.thatsit.marketing\/wp-content\/uploads\/2026\/01\/Einflaechenkupplungen.jpg\" thumbtype=\"\" >Betriebszeichnungen Einfl\u00e4chenkupplung 0008-301-013<\/div><script class=\"df-shortcode-script\" nowprocket type=\"application\/javascript\">window.option_df_20962 = {\"outline\":[],\"autoEnableOutline\":\"false\",\"autoEnableThumbnail\":\"false\",\"overwritePDFOutline\":\"false\",\"direction\":\"1\",\"pageSize\":\"0\",\"source\":\"https:\\\/\\\/stueweschweiz.test.thatsit.marketing\\\/wp-content\\\/uploads\\\/2026\\\/01\\\/0008-301-13-502000.pdf\",\"wpOptions\":\"true\"}; if(window.DFLIP && window.DFLIP.parseBooks){window.DFLIP.parseBooks();}<\/script><\/center><\/div>\n\t\t\t\t\t\t<\/div>\n\t\t\t\t<\/div>\n\t\t\t\t<\/div>\n\t\t<div class=\"elementor-element elementor-element-bac82f2 e-con-full e-flex e-con e-child\" data-id=\"bac82f2\" data-element_type=\"container\" data-e-type=\"container\">\n\t\t\t\t<div class=\"elementor-element elementor-element-dd97c2c elementor-widget__width-inherit elementor-widget elementor-widget-shortcode\" data-id=\"dd97c2c\" data-element_type=\"widget\" data-e-type=\"widget\" data-widget_type=\"shortcode.default\">\n\t\t\t\t<div class=\"elementor-widget-container\">\n\t\t\t\t\t\t\t<div class=\"elementor-shortcode\"><center> <div class=\"_df_thumb dflip-no-ridge\" id=\"df_20963\"  _slug=\"betriebszeichnungen-einflaechenkupplung-08-301-17\" data-title=\"betriebszeichnungen-einflaechenkupplung-0008-301-17\" wpoptions=\"true\" thumb=\"https:\/\/stueweschweiz.test.thatsit.marketing\/wp-content\/uploads\/2026\/01\/Einflaechenkupplungen.jpg\" thumbtype=\"\" >Betriebszeichnungen Einfl\u00e4chenkupplung 0008-301-17<\/div><script class=\"df-shortcode-script\" nowprocket type=\"application\/javascript\">window.option_df_20963 = {\"outline\":[],\"autoEnableOutline\":\"false\",\"autoEnableThumbnail\":\"false\",\"overwritePDFOutline\":\"false\",\"direction\":\"1\",\"pageSize\":\"0\",\"source\":\"https:\\\/\\\/stueweschweiz.test.thatsit.marketing\\\/wp-content\\\/uploads\\\/2026\\\/01\\\/0008-301-17-502000.pdf\",\"wpOptions\":\"true\"}; if(window.DFLIP && window.DFLIP.parseBooks){window.DFLIP.parseBooks();}<\/script><\/center><\/div>\n\t\t\t\t\t\t<\/div>\n\t\t\t\t<\/div>\n\t\t\t\t<\/div>\n\t\t\t\t\t<\/div>\n\t\t\t\t<\/div>\n\t\t<div class=\"elementor-element elementor-element-0724f82 e-flex e-con-boxed e-con e-parent\" data-id=\"0724f82\" data-element_type=\"container\" data-e-type=\"container\" data-settings=\"{&quot;background_background&quot;:&quot;classic&quot;}\">\n\t\t\t\t\t<div class=\"e-con-inner\">\n\t\t<div class=\"elementor-element elementor-element-7e961c7 e-con-full e-flex e-con e-child\" data-id=\"7e961c7\" data-element_type=\"container\" data-e-type=\"container\">\n\t\t\t\t<div class=\"elementor-element elementor-element-d5513d7 elementor-widget__width-inherit elementor-widget elementor-widget-shortcode\" data-id=\"d5513d7\" data-element_type=\"widget\" data-e-type=\"widget\" data-widget_type=\"shortcode.default\">\n\t\t\t\t<div class=\"elementor-widget-container\">\n\t\t\t\t\t\t\t<div class=\"elementor-shortcode\"><center>\n  <div class=\"_df_thumb dflip-no-ridge\" id=\"df_20964\"  _slug=\"betriebszeichnungen-einflaechenkupplung-08-301-33\" data-title=\"betriebszeichnungen-einflaechenkupplung-0008-301-33\" wpoptions=\"true\" thumb=\"https:\/\/stueweschweiz.test.thatsit.marketing\/wp-content\/uploads\/2026\/01\/Einflaechenkupplungen.jpg\" thumbtype=\"\" >Betriebszeichnungen Einfl\u00e4chenkupplung 0008-301-33<\/div><script class=\"df-shortcode-script\" nowprocket type=\"application\/javascript\">window.option_df_20964 = {\"outline\":[],\"autoEnableOutline\":\"false\",\"autoEnableThumbnail\":\"false\",\"overwritePDFOutline\":\"false\",\"direction\":\"1\",\"pageSize\":\"0\",\"source\":\"https:\\\/\\\/stueweschweiz.test.thatsit.marketing\\\/wp-content\\\/uploads\\\/2026\\\/01\\\/0008-301-33-502000.pdf\",\"wpOptions\":\"true\"}; if(window.DFLIP && window.DFLIP.parseBooks){window.DFLIP.parseBooks();}<\/script>\n<\/center>\n<\/div>\n\t\t\t\t\t\t<\/div>\n\t\t\t\t<\/div>\n\t\t\t\t<\/div>\n\t\t<div class=\"elementor-element elementor-element-4661dce e-con-full e-flex e-con e-child\" data-id=\"4661dce\" data-element_type=\"container\" data-e-type=\"container\">\n\t\t\t\t<\/div>\n\t\t<div class=\"elementor-element elementor-element-2621db9 e-con-full e-flex e-con e-child\" data-id=\"2621db9\" data-element_type=\"container\" data-e-type=\"container\">\n\t\t\t\t<\/div>\n\t\t<div class=\"elementor-element elementor-element-d85f382 e-con-full e-flex e-con e-child\" data-id=\"d85f382\" data-element_type=\"container\" data-e-type=\"container\">\n\t\t\t\t<\/div>\n\t\t\t\t\t<\/div>\n\t\t\t\t<\/div>\n\t\t<div class=\"elementor-element elementor-element-62b33a86 e-con-full e-flex e-con e-parent\" data-id=\"62b33a86\" data-element_type=\"container\" data-e-type=\"container\" data-settings=\"{&quot;background_background&quot;:&quot;classic&quot;}\">\n\t\t<div class=\"elementor-element elementor-element-613772cf e-con-full e-flex e-con e-child\" data-id=\"613772cf\" data-element_type=\"container\" data-e-type=\"container\" data-settings=\"{&quot;background_background&quot;:&quot;classic&quot;}\">\n\t\t\t\t<div class=\"elementor-element elementor-element-49ba6141 elementor-widget elementor-widget-spacer\" data-id=\"49ba6141\" data-element_type=\"widget\" data-e-type=\"widget\" data-widget_type=\"spacer.default\">\n\t\t\t\t<div class=\"elementor-widget-container\">\n\t\t\t\t\t\t\t<div class=\"elementor-spacer\">\n\t\t\t<div class=\"elementor-spacer-inner\"><\/div>\n\t\t<\/div>\n\t\t\t\t\t\t<\/div>\n\t\t\t\t<\/div>\n\t\t\t\t<\/div>\n\t\t<div class=\"elementor-element elementor-element-3e6bc89a e-con-full e-flex e-con e-child\" data-id=\"3e6bc89a\" data-element_type=\"container\" data-e-type=\"container\" data-settings=\"{&quot;background_background&quot;:&quot;classic&quot;}\">\n\t\t\t\t<div class=\"elementor-element elementor-element-3bc3ad43 elementor-widget elementor-widget-industrium_heading\" data-id=\"3bc3ad43\" data-element_type=\"widget\" data-e-type=\"widget\" data-widget_type=\"industrium_heading.default\">\n\t\t\t\t<div class=\"elementor-widget-container\">\n\t\t\t\t\t<div class=\"industrium-heading-widget\"><h2 class=\"industrium-heading\"><span class=\"industrium-subheading no-dot\">Interested in working with us?<\/span><span class=\"industrium-heading-content\">Contact us<\/span><\/h2><\/div>\t\t\t\t<\/div>\n\t\t\t\t<\/div>\n\t\t\t\t<div class=\"elementor-element elementor-element-3cc37003 elementor-align-left elementor-widget elementor-widget-button\" data-id=\"3cc37003\" data-element_type=\"widget\" data-e-type=\"widget\" data-widget_type=\"button.default\">\n\t\t\t\t<div class=\"elementor-widget-container\">\n\t\t\t\t\t\t\t\t\t<div class=\"elementor-button-wrapper\">\n\t\t\t\t\t<a class=\"elementor-button elementor-button-link elementor-size-sm\" href=\"\/en\/contact\/\">\n\t\t\t\t\t\t<span class=\"elementor-button-content-wrapper\">\n\t\t\t\t\t\t\t\t\t<span class=\"elementor-button-text\">Contact us<\/span>\n\t\t\t\t\t<\/span>\n\t\t\t\t\t<\/a>\n\t\t\t\t<\/div>\n\t\t\t\t\t\t\t\t<\/div>\n\t\t\t\t<\/div>\n\t\t\t\t<\/div>\n\t\t\t\t<\/div>\n\t\t\t\t<\/div>","protected":false},"excerpt":{"rendered":"<p>Elektromagnetische Kupplungen sind schaltbare Maschinenelemente, die Bewegungen pr\u00e4zise trennen oder verbinden. Durch das Anlegen elektrischer Energie entsteht ein Magnetfeld, das den Kraftschluss zwischen zwei Komponenten aufbaut oder l\u00f6st. Dadurch lassen sich Antriebsabl\u00e4ufe sehr schnell und mit hoher Wiederholgenauigkeit steuern. Das Ergebnis&#8230;<\/p>","protected":false},"author":8,"featured_media":0,"parent":0,"menu_order":0,"comment_status":"closed","ping_status":"closed","template":"elementor_header_footer","meta":{"footnotes":""},"class_list":["post-20951","page","type-page","status-publish","hentry"],"_links":{"self":[{"href":"https:\/\/stueweschweiz.test.thatsit.marketing\/en\/wp-json\/wp\/v2\/pages\/20951","targetHints":{"allow":["GET"]}}],"collection":[{"href":"https:\/\/stueweschweiz.test.thatsit.marketing\/en\/wp-json\/wp\/v2\/pages"}],"about":[{"href":"https:\/\/stueweschweiz.test.thatsit.marketing\/en\/wp-json\/wp\/v2\/types\/page"}],"author":[{"embeddable":true,"href":"https:\/\/stueweschweiz.test.thatsit.marketing\/en\/wp-json\/wp\/v2\/users\/8"}],"replies":[{"embeddable":true,"href":"https:\/\/stueweschweiz.test.thatsit.marketing\/en\/wp-json\/wp\/v2\/comments?post=20951"}],"version-history":[{"count":19,"href":"https:\/\/stueweschweiz.test.thatsit.marketing\/en\/wp-json\/wp\/v2\/pages\/20951\/revisions"}],"predecessor-version":[{"id":22127,"href":"https:\/\/stueweschweiz.test.thatsit.marketing\/en\/wp-json\/wp\/v2\/pages\/20951\/revisions\/22127"}],"wp:attachment":[{"href":"https:\/\/stueweschweiz.test.thatsit.marketing\/en\/wp-json\/wp\/v2\/media?parent=20951"}],"curies":[{"name":"wp","href":"https:\/\/api.w.org\/{rel}","templated":true}]}}