{"id":20977,"date":"2026-01-16T12:20:15","date_gmt":"2026-01-16T11:20:15","guid":{"rendered":"https:\/\/stueweschweiz.test.thatsit.marketing\/?page_id=20977"},"modified":"2026-02-23T14:25:06","modified_gmt":"2026-02-23T13:25:06","slug":"stuewe-einflaechenbremse-09-100","status":"publish","type":"page","link":"https:\/\/stueweschweiz.test.thatsit.marketing\/en\/stuewe-einflaechenbremse-09-100\/","title":{"rendered":"ST\u00dcWE Einfl\u00e4chenbremse 09-100"},"content":{"rendered":"<div data-elementor-type=\"wp-page\" data-elementor-id=\"20977\" class=\"elementor elementor-20977\">\n\t\t\t\t<div class=\"elementor-element elementor-element-6fa1a33c e-flex e-con-boxed e-con e-parent\" data-id=\"6fa1a33c\" data-element_type=\"container\" data-e-type=\"container\">\n\t\t\t\t\t<div class=\"e-con-inner\">\n\t\t<div class=\"elementor-element elementor-element-5c24a7ca e-con-full e-flex e-con e-child\" data-id=\"5c24a7ca\" data-element_type=\"container\" data-e-type=\"container\">\n\t\t\t\t<div class=\"elementor-element elementor-element-7dbf9f1a elementor-widget elementor-widget-industrium_heading\" data-id=\"7dbf9f1a\" data-element_type=\"widget\" data-e-type=\"widget\" data-widget_type=\"industrium_heading.default\">\n\t\t\t\t<div class=\"elementor-widget-container\">\n\t\t\t\t\t<div class=\"industrium-heading-widget\"><h2 class=\"industrium-heading\"><span class=\"industrium-subheading no-dot\">St\u00fcwe Einfl\u00e4chenkupplung 09-100<\/span><span class=\"industrium-heading-content\">Powerful and versatile<\/span><\/h2><\/div>\t\t\t\t<\/div>\n\t\t\t\t<\/div>\n\t\t\t\t<div class=\"elementor-element elementor-element-3572c149 elementor-widget elementor-widget-text-editor\" data-id=\"3572c149\" data-element_type=\"widget\" data-e-type=\"widget\" data-widget_type=\"text-editor.default\">\n\t\t\t\t<div class=\"elementor-widget-container\">\n\t\t\t\t\t\t\t\t\t<p>Elektromagnetische Kupplungen sind schaltbare Maschinenelemente, die Bewegungen pr\u00e4zise trennen oder verbinden. Durch das Anlegen elektrischer Energie entsteht ein Magnetfeld, das den Kraftschluss zwischen zwei Komponenten aufbaut oder l\u00f6st. Dadurch lassen sich Antriebsabl\u00e4ufe sehr schnell und mit hoher Wiederholgenauigkeit steuern. Das Ergebnis ist eine exakte Positionierung, reproduzierbare Schaltvorg\u00e4nge und eine verl\u00e4ssliche Kraft\u00fcbertragung, selbst bei hohen Taktraten und dauerhaftem Betrieb.<\/p>\t\t\t\t\t\t\t\t<\/div>\n\t\t\t\t<\/div>\n\t\t\t\t<\/div>\n\t\t<div class=\"elementor-element elementor-element-696564b1 e-con-full e-flex e-con e-child\" data-id=\"696564b1\" data-element_type=\"container\" data-e-type=\"container\" data-settings=\"{&quot;background_background&quot;:&quot;classic&quot;}\">\n\t\t\t\t<div class=\"elementor-element elementor-element-138c7eb8 elementor-widget elementor-widget-image\" data-id=\"138c7eb8\" data-element_type=\"widget\" data-e-type=\"widget\" data-widget_type=\"image.default\">\n\t\t\t\t<div class=\"elementor-widget-container\">\n\t\t\t\t\t\t\t\t\t\t\t\t\t\t\t<img fetchpriority=\"high\" decoding=\"async\" width=\"324\" height=\"522\" src=\"https:\/\/stueweschweiz.test.thatsit.marketing\/wp-content\/uploads\/2026\/02\/Screenshot-2026-02-23-140557.png\" class=\"attachment-full size-full wp-image-22129\" alt=\"\" srcset=\"https:\/\/stueweschweiz.test.thatsit.marketing\/wp-content\/uploads\/2026\/02\/Screenshot-2026-02-23-140557.png 324w, https:\/\/stueweschweiz.test.thatsit.marketing\/wp-content\/uploads\/2026\/02\/Screenshot-2026-02-23-140557-186x300.png 186w, https:\/\/stueweschweiz.test.thatsit.marketing\/wp-content\/uploads\/2026\/02\/Screenshot-2026-02-23-140557-7x12.png 7w\" sizes=\"(max-width: 324px) 100vw, 324px\" \/>\t\t\t\t\t\t\t\t\t\t\t\t\t\t\t<\/div>\n\t\t\t\t<\/div>\n\t\t\t\t<div class=\"elementor-element elementor-element-53417cdf elementor-widget elementor-widget-icon-box\" data-id=\"53417cdf\" data-element_type=\"widget\" data-e-type=\"widget\" data-widget_type=\"icon-box.default\">\n\t\t\t\t<div class=\"elementor-widget-container\">\n\t\t\t\t\t\t\t<div class=\"elementor-icon-box-wrapper\">\n\n\t\t\t\n\t\t\t\t\t\t<div class=\"elementor-icon-box-content\">\n\n\t\t\t\t\t\t\t\t\t<h3 class=\"elementor-icon-box-title\">\n\t\t\t\t\t\t<span  >\n\t\t\t\t\t\t\tTechnische Zeichnung\t\t\t\t\t\t<\/span>\n\t\t\t\t\t<\/h3>\n\t\t\t\t\n\t\t\t\t\n\t\t\t<\/div>\n\t\t\t\n\t\t<\/div>\n\t\t\t\t\t\t<\/div>\n\t\t\t\t<\/div>\n\t\t\t\t<\/div>\n\t\t\t\t\t<\/div>\n\t\t\t\t<\/div>\n\t\t<div class=\"elementor-element elementor-element-3ab101b e-flex e-con-boxed e-con e-parent\" data-id=\"3ab101b\" data-element_type=\"container\" data-e-type=\"container\" data-settings=\"{&quot;background_background&quot;:&quot;classic&quot;}\">\n\t\t\t\t\t<div class=\"e-con-inner\">\n\t\t\t\t<div class=\"elementor-element elementor-element-5a288d8 elementor-widget elementor-widget-heading\" data-id=\"5a288d8\" data-element_type=\"widget\" data-e-type=\"widget\" data-widget_type=\"heading.default\">\n\t\t\t\t<div class=\"elementor-widget-container\">\n\t\t\t\t\t<h2 class=\"elementor-heading-title elementor-size-default\">Datenblatt Einfl\u00e4chenbremse 09-100<\/h2>\t\t\t\t<\/div>\n\t\t\t\t<\/div>\n\t\t\t\t\t<\/div>\n\t\t\t\t<\/div>\n\t\t<div class=\"elementor-element elementor-element-0dd5a1a e-flex e-con-boxed e-con e-parent\" data-id=\"0dd5a1a\" data-element_type=\"container\" data-e-type=\"container\" data-settings=\"{&quot;background_background&quot;:&quot;classic&quot;}\">\n\t\t\t\t\t<div class=\"e-con-inner\">\n\t\t<div class=\"elementor-element elementor-element-8ed682a e-con-full e-flex e-con e-child\" data-id=\"8ed682a\" data-element_type=\"container\" data-e-type=\"container\">\n\t\t\t\t<div class=\"elementor-element elementor-element-9955720 elementor-widget__width-inherit elementor-widget elementor-widget-shortcode\" data-id=\"9955720\" data-element_type=\"widget\" data-e-type=\"widget\" data-widget_type=\"shortcode.default\">\n\t\t\t\t<div class=\"elementor-widget-container\">\n\t\t\t\t\t\t\t<div class=\"elementor-shortcode\"><center>\n  <div class=\"_df_thumb dflip-no-ridge\" id=\"df_20769\"  _slug=\"datenblatt-einflaechenbremse-09-100\" data-title=\"datenblatt-einflaechenbremse-09-100\" wpoptions=\"true\" thumb=\"https:\/\/stueweschweiz.test.thatsit.marketing\/wp-content\/uploads\/2026\/02\/Einflaechenbremse.jpg\" thumbtype=\"\" >Datenblatt Einfl\u00e4chenbremse 09-100<\/div><script class=\"df-shortcode-script\" nowprocket type=\"application\/javascript\">window.option_df_20769 = {\"outline\":[],\"autoEnableOutline\":\"false\",\"autoEnableThumbnail\":\"false\",\"overwritePDFOutline\":\"false\",\"direction\":\"1\",\"pageSize\":\"0\",\"source\":\"https:\\\/\\\/stueweschweiz.test.thatsit.marketing\\\/wp-content\\\/uploads\\\/2026\\\/01\\\/Datenblatt-BR-009-100.pdf\",\"wpOptions\":\"true\"}; if(window.DFLIP && window.DFLIP.parseBooks){window.DFLIP.parseBooks();}<\/script>\n<\/center>\n<\/div>\n\t\t\t\t\t\t<\/div>\n\t\t\t\t<\/div>\n\t\t\t\t<\/div>\n\t\t<div class=\"elementor-element elementor-element-353c3fc e-con-full e-flex e-con e-child\" data-id=\"353c3fc\" data-element_type=\"container\" data-e-type=\"container\">\n\t\t\t\t<\/div>\n\t\t<div class=\"elementor-element elementor-element-f0a4b08 e-con-full e-flex e-con e-child\" data-id=\"f0a4b08\" data-element_type=\"container\" data-e-type=\"container\">\n\t\t\t\t<\/div>\n\t\t<div class=\"elementor-element elementor-element-c10069f e-con-full e-flex e-con e-child\" data-id=\"c10069f\" data-element_type=\"container\" data-e-type=\"container\">\n\t\t\t\t<\/div>\n\t\t\t\t\t<\/div>\n\t\t\t\t<\/div>\n\t\t<div class=\"elementor-element elementor-element-3edf00a e-flex e-con-boxed e-con e-parent\" data-id=\"3edf00a\" data-element_type=\"container\" data-e-type=\"container\" data-settings=\"{&quot;background_background&quot;:&quot;classic&quot;}\">\n\t\t\t\t\t<div class=\"e-con-inner\">\n\t\t\t\t<div class=\"elementor-element elementor-element-3b2df5c elementor-widget elementor-widget-heading\" data-id=\"3b2df5c\" data-element_type=\"widget\" data-e-type=\"widget\" data-widget_type=\"heading.default\">\n\t\t\t\t<div class=\"elementor-widget-container\">\n\t\t\t\t\t<h2 class=\"elementor-heading-title elementor-size-default\">Betriebszeichnungen Einfl\u00e4chenbremse 09-100<\/h2>\t\t\t\t<\/div>\n\t\t\t\t<\/div>\n\t\t\t\t\t<\/div>\n\t\t\t\t<\/div>\n\t\t<div class=\"elementor-element elementor-element-c7c91f2 e-flex e-con-boxed e-con e-parent\" data-id=\"c7c91f2\" data-element_type=\"container\" data-e-type=\"container\" data-settings=\"{&quot;background_background&quot;:&quot;classic&quot;}\">\n\t\t\t\t\t<div class=\"e-con-inner\">\n\t\t<div class=\"elementor-element elementor-element-d1c0efe e-con-full e-flex e-con e-child\" data-id=\"d1c0efe\" data-element_type=\"container\" data-e-type=\"container\">\n\t\t\t\t<div class=\"elementor-element elementor-element-dfdd5fc elementor-widget__width-inherit elementor-widget elementor-widget-shortcode\" data-id=\"dfdd5fc\" data-element_type=\"widget\" data-e-type=\"widget\" data-widget_type=\"shortcode.default\">\n\t\t\t\t<div class=\"elementor-widget-container\">\n\t\t\t\t\t\t\t<div class=\"elementor-shortcode\"><center>\n  <div class=\"_df_thumb dflip-no-ridge\" id=\"df_20985\"  _slug=\"betriebszeichnungen-einflaechenbremse-0009-100-01\" data-title=\"betriebszeichnungen-einflaechenbremse-0009-100-01\" wpoptions=\"true\" thumb=\"https:\/\/stueweschweiz.test.thatsit.marketing\/wp-content\/uploads\/2026\/02\/Einflaechenbremse.jpg\" thumbtype=\"\" >Betriebszeichnungen Einfl\u00e4chenbremse 0009-100-01<\/div><script class=\"df-shortcode-script\" nowprocket type=\"application\/javascript\">window.option_df_20985 = {\"outline\":[],\"autoEnableOutline\":\"false\",\"autoEnableThumbnail\":\"false\",\"overwritePDFOutline\":\"false\",\"direction\":\"1\",\"pageSize\":\"0\",\"source\":\"https:\\\/\\\/stueweschweiz.test.thatsit.marketing\\\/wp-content\\\/uploads\\\/2026\\\/01\\\/0009-100-01-502000.pdf\",\"wpOptions\":\"true\"}; if(window.DFLIP && window.DFLIP.parseBooks){window.DFLIP.parseBooks();}<\/script>\n<\/center>\n<\/div>\n\t\t\t\t\t\t<\/div>\n\t\t\t\t<\/div>\n\t\t\t\t<\/div>\n\t\t<div class=\"elementor-element elementor-element-b1321ab e-con-full e-flex e-con e-child\" data-id=\"b1321ab\" data-element_type=\"container\" data-e-type=\"container\">\n\t\t\t\t<div class=\"elementor-element elementor-element-3915a14 elementor-widget__width-inherit elementor-widget elementor-widget-shortcode\" data-id=\"3915a14\" data-element_type=\"widget\" data-e-type=\"widget\" data-widget_type=\"shortcode.default\">\n\t\t\t\t<div class=\"elementor-widget-container\">\n\t\t\t\t\t\t\t<div class=\"elementor-shortcode\"><center> <div class=\"_df_thumb dflip-no-ridge\" id=\"df_21007\"  _slug=\"betriebszeichnungen-einflaechenbremse-0009-100-05\" data-title=\"betriebszeichnungen-einflaechenbremse-0009-100-05\" wpoptions=\"true\" thumb=\"https:\/\/stueweschweiz.test.thatsit.marketing\/wp-content\/uploads\/2026\/02\/Einflaechenbremse.jpg\" thumbtype=\"\" >Betriebszeichnungen Einfl\u00e4chenbremse 0009-100-05<\/div><script class=\"df-shortcode-script\" nowprocket type=\"application\/javascript\">window.option_df_21007 = {\"outline\":[],\"autoEnableOutline\":\"false\",\"autoEnableThumbnail\":\"false\",\"overwritePDFOutline\":\"false\",\"direction\":\"1\",\"pageSize\":\"0\",\"source\":\"https:\\\/\\\/stueweschweiz.test.thatsit.marketing\\\/wp-content\\\/uploads\\\/2026\\\/01\\\/0009-100-05-502000.pdf\",\"wpOptions\":\"true\"}; if(window.DFLIP && window.DFLIP.parseBooks){window.DFLIP.parseBooks();}<\/script><\/center><\/div>\n\t\t\t\t\t\t<\/div>\n\t\t\t\t<\/div>\n\t\t\t\t<\/div>\n\t\t<div class=\"elementor-element elementor-element-c73dbc7 e-con-full e-flex e-con e-child\" data-id=\"c73dbc7\" data-element_type=\"container\" data-e-type=\"container\">\n\t\t\t\t<div class=\"elementor-element elementor-element-d7bee26 elementor-widget__width-inherit elementor-widget elementor-widget-shortcode\" data-id=\"d7bee26\" data-element_type=\"widget\" data-e-type=\"widget\" data-widget_type=\"shortcode.default\">\n\t\t\t\t<div class=\"elementor-widget-container\">\n\t\t\t\t\t\t\t<div class=\"elementor-shortcode\"><center> <div class=\"_df_thumb dflip-no-ridge\" id=\"df_21008\"  _slug=\"betriebszeichnungen-einflaechenbremse-0009-100-09\" data-title=\"betriebszeichnungen-einflaechenbremse-0009-100-09\" wpoptions=\"true\" thumb=\"https:\/\/stueweschweiz.test.thatsit.marketing\/wp-content\/uploads\/2026\/02\/Einflaechenbremse.jpg\" thumbtype=\"\" >Betriebszeichnungen Einfl\u00e4chenbremse 0009-100-09<\/div><script class=\"df-shortcode-script\" nowprocket type=\"application\/javascript\">window.option_df_21008 = {\"outline\":[],\"autoEnableOutline\":\"false\",\"autoEnableThumbnail\":\"false\",\"overwritePDFOutline\":\"false\",\"direction\":\"1\",\"pageSize\":\"0\",\"source\":\"https:\\\/\\\/stueweschweiz.test.thatsit.marketing\\\/wp-content\\\/uploads\\\/2026\\\/01\\\/0009-100-09-502000.pdf\",\"wpOptions\":\"true\"}; if(window.DFLIP && window.DFLIP.parseBooks){window.DFLIP.parseBooks();}<\/script><\/center><\/div>\n\t\t\t\t\t\t<\/div>\n\t\t\t\t<\/div>\n\t\t\t\t<\/div>\n\t\t<div class=\"elementor-element elementor-element-d63b0f9 e-con-full e-flex e-con e-child\" data-id=\"d63b0f9\" data-element_type=\"container\" data-e-type=\"container\">\n\t\t\t\t<div class=\"elementor-element elementor-element-20c0a04 elementor-widget__width-inherit elementor-widget elementor-widget-shortcode\" data-id=\"20c0a04\" data-element_type=\"widget\" data-e-type=\"widget\" data-widget_type=\"shortcode.default\">\n\t\t\t\t<div class=\"elementor-widget-container\">\n\t\t\t\t\t\t\t<div class=\"elementor-shortcode\"><center> <div class=\"_df_thumb dflip-no-ridge\" id=\"df_21009\"  _slug=\"betriebszeichnungen-einflaechenbremse-0009-100-13\" data-title=\"betriebszeichnungen-einflaechenbremse-0009-100-13\" wpoptions=\"true\" thumb=\"https:\/\/stueweschweiz.test.thatsit.marketing\/wp-content\/uploads\/2026\/02\/Einflaechenbremse.jpg\" thumbtype=\"\" >Betriebszeichnungen Einfl\u00e4chenbremse 0009-100-13<\/div><script class=\"df-shortcode-script\" nowprocket type=\"application\/javascript\">window.option_df_21009 = {\"outline\":[],\"autoEnableOutline\":\"false\",\"autoEnableThumbnail\":\"false\",\"overwritePDFOutline\":\"false\",\"direction\":\"1\",\"pageSize\":\"0\",\"source\":\"https:\\\/\\\/stueweschweiz.test.thatsit.marketing\\\/wp-content\\\/uploads\\\/2026\\\/01\\\/0009-100-13-502000.pdf\",\"wpOptions\":\"true\"}; if(window.DFLIP && window.DFLIP.parseBooks){window.DFLIP.parseBooks();}<\/script><\/center><\/div>\n\t\t\t\t\t\t<\/div>\n\t\t\t\t<\/div>\n\t\t\t\t<\/div>\n\t\t\t\t\t<\/div>\n\t\t\t\t<\/div>\n\t\t<div class=\"elementor-element elementor-element-b5f9bd9 e-flex e-con-boxed e-con e-parent\" data-id=\"b5f9bd9\" data-element_type=\"container\" data-e-type=\"container\" data-settings=\"{&quot;background_background&quot;:&quot;classic&quot;}\">\n\t\t\t\t\t<div class=\"e-con-inner\">\n\t\t<div class=\"elementor-element elementor-element-cd513e6 e-con-full e-flex e-con e-child\" data-id=\"cd513e6\" data-element_type=\"container\" data-e-type=\"container\">\n\t\t\t\t<div class=\"elementor-element elementor-element-f76d6b3 elementor-widget__width-inherit elementor-widget elementor-widget-shortcode\" data-id=\"f76d6b3\" data-element_type=\"widget\" data-e-type=\"widget\" data-widget_type=\"shortcode.default\">\n\t\t\t\t<div class=\"elementor-widget-container\">\n\t\t\t\t\t\t\t<div class=\"elementor-shortcode\"><center>\n  <div class=\"_df_thumb dflip-no-ridge\" id=\"df_21010\"  _slug=\"betriebszeichnungen-einflaechenbremse-0009-100-17\" data-title=\"betriebszeichnungen-einflaechenbremse-0009-100-17\" wpoptions=\"true\" thumb=\"https:\/\/stueweschweiz.test.thatsit.marketing\/wp-content\/uploads\/2026\/02\/Einflaechenbremse.jpg\" thumbtype=\"\" >Betriebszeichnungen Einfl\u00e4chenbremse 0009-100-17<\/div><script class=\"df-shortcode-script\" nowprocket type=\"application\/javascript\">window.option_df_21010 = {\"outline\":[],\"autoEnableOutline\":\"false\",\"autoEnableThumbnail\":\"false\",\"overwritePDFOutline\":\"false\",\"direction\":\"1\",\"pageSize\":\"0\",\"source\":\"https:\\\/\\\/stueweschweiz.test.thatsit.marketing\\\/wp-content\\\/uploads\\\/2026\\\/01\\\/0009-100-17-502000.pdf\",\"wpOptions\":\"true\"}; if(window.DFLIP && window.DFLIP.parseBooks){window.DFLIP.parseBooks();}<\/script>\n<\/center>\n<\/div>\n\t\t\t\t\t\t<\/div>\n\t\t\t\t<\/div>\n\t\t\t\t<\/div>\n\t\t<div class=\"elementor-element elementor-element-ef45de9 e-con-full e-flex e-con e-child\" data-id=\"ef45de9\" data-element_type=\"container\" data-e-type=\"container\">\n\t\t\t\t<div class=\"elementor-element elementor-element-c85d109 elementor-widget__width-inherit elementor-widget elementor-widget-shortcode\" data-id=\"c85d109\" data-element_type=\"widget\" data-e-type=\"widget\" data-widget_type=\"shortcode.default\">\n\t\t\t\t<div class=\"elementor-widget-container\">\n\t\t\t\t\t\t\t<div class=\"elementor-shortcode\"><center> <div class=\"_df_thumb dflip-no-ridge\" id=\"df_21011\"  _slug=\"betriebszeichnungen-einflaechenbremse-0009-100-25\" data-title=\"betriebszeichnungen-einflaechenbremse-0009-100-25\" wpoptions=\"true\" thumb=\"https:\/\/stueweschweiz.test.thatsit.marketing\/wp-content\/uploads\/2026\/02\/Einflaechenbremse.jpg\" thumbtype=\"\" >Betriebszeichnungen Einfl\u00e4chenbremse 0009-100-25<\/div><script class=\"df-shortcode-script\" nowprocket type=\"application\/javascript\">window.option_df_21011 = {\"outline\":[],\"autoEnableOutline\":\"false\",\"autoEnableThumbnail\":\"false\",\"overwritePDFOutline\":\"false\",\"direction\":\"1\",\"pageSize\":\"0\",\"source\":\"https:\\\/\\\/stueweschweiz.test.thatsit.marketing\\\/wp-content\\\/uploads\\\/2026\\\/01\\\/0009-100-25-502000.pdf\",\"wpOptions\":\"true\"}; if(window.DFLIP && window.DFLIP.parseBooks){window.DFLIP.parseBooks();}<\/script><\/center><\/div>\n\t\t\t\t\t\t<\/div>\n\t\t\t\t<\/div>\n\t\t\t\t<\/div>\n\t\t<div class=\"elementor-element elementor-element-f21b59b e-con-full e-flex e-con e-child\" data-id=\"f21b59b\" data-element_type=\"container\" data-e-type=\"container\">\n\t\t\t\t<div class=\"elementor-element elementor-element-492c104 elementor-widget__width-inherit elementor-widget elementor-widget-shortcode\" data-id=\"492c104\" data-element_type=\"widget\" data-e-type=\"widget\" data-widget_type=\"shortcode.default\">\n\t\t\t\t<div class=\"elementor-widget-container\">\n\t\t\t\t\t\t\t<div class=\"elementor-shortcode\"><center> <div class=\"_df_thumb dflip-no-ridge\" id=\"df_21012\"  _slug=\"betriebszeichnungen-einflaechenbremse-0009-100-33\" data-title=\"betriebszeichnungen-einflaechenbremse-0009-100-33\" wpoptions=\"true\" thumb=\"https:\/\/stueweschweiz.test.thatsit.marketing\/wp-content\/uploads\/2026\/02\/Einflaechenbremse.jpg\" thumbtype=\"\" >Betriebszeichnungen Einfl\u00e4chenbremse 0009-100-33<\/div><script class=\"df-shortcode-script\" nowprocket type=\"application\/javascript\">window.option_df_21012 = {\"outline\":[],\"autoEnableOutline\":\"false\",\"autoEnableThumbnail\":\"false\",\"overwritePDFOutline\":\"false\",\"direction\":\"1\",\"pageSize\":\"0\",\"source\":\"https:\\\/\\\/stueweschweiz.test.thatsit.marketing\\\/wp-content\\\/uploads\\\/2026\\\/01\\\/0009-100-33-502000.pdf\",\"wpOptions\":\"true\"}; if(window.DFLIP && window.DFLIP.parseBooks){window.DFLIP.parseBooks();}<\/script><\/center><\/div>\n\t\t\t\t\t\t<\/div>\n\t\t\t\t<\/div>\n\t\t\t\t<\/div>\n\t\t<div class=\"elementor-element elementor-element-4cb8df7 e-con-full e-flex e-con e-child\" data-id=\"4cb8df7\" data-element_type=\"container\" data-e-type=\"container\">\n\t\t\t\t<\/div>\n\t\t\t\t\t<\/div>\n\t\t\t\t<\/div>\n\t\t<div class=\"elementor-element elementor-element-6c12bdc5 e-con-full e-flex e-con e-parent\" data-id=\"6c12bdc5\" data-element_type=\"container\" data-e-type=\"container\" data-settings=\"{&quot;background_background&quot;:&quot;classic&quot;}\">\n\t\t<div class=\"elementor-element elementor-element-63d5cadb e-con-full e-flex e-con e-child\" data-id=\"63d5cadb\" data-element_type=\"container\" data-e-type=\"container\" data-settings=\"{&quot;background_background&quot;:&quot;classic&quot;}\">\n\t\t\t\t<div class=\"elementor-element elementor-element-5626812a elementor-widget elementor-widget-spacer\" data-id=\"5626812a\" data-element_type=\"widget\" data-e-type=\"widget\" data-widget_type=\"spacer.default\">\n\t\t\t\t<div class=\"elementor-widget-container\">\n\t\t\t\t\t\t\t<div class=\"elementor-spacer\">\n\t\t\t<div class=\"elementor-spacer-inner\"><\/div>\n\t\t<\/div>\n\t\t\t\t\t\t<\/div>\n\t\t\t\t<\/div>\n\t\t\t\t<\/div>\n\t\t<div class=\"elementor-element elementor-element-1d76bbe4 e-con-full e-flex e-con e-child\" data-id=\"1d76bbe4\" data-element_type=\"container\" data-e-type=\"container\" data-settings=\"{&quot;background_background&quot;:&quot;classic&quot;}\">\n\t\t\t\t<div class=\"elementor-element elementor-element-241d3565 elementor-widget elementor-widget-industrium_heading\" data-id=\"241d3565\" data-element_type=\"widget\" data-e-type=\"widget\" data-widget_type=\"industrium_heading.default\">\n\t\t\t\t<div class=\"elementor-widget-container\">\n\t\t\t\t\t<div class=\"industrium-heading-widget\"><h2 class=\"industrium-heading\"><span class=\"industrium-subheading no-dot\">Interested in working with us?<\/span><span class=\"industrium-heading-content\">Contact us<\/span><\/h2><\/div>\t\t\t\t<\/div>\n\t\t\t\t<\/div>\n\t\t\t\t<div class=\"elementor-element elementor-element-3485dd78 elementor-align-left elementor-widget elementor-widget-button\" data-id=\"3485dd78\" data-element_type=\"widget\" data-e-type=\"widget\" data-widget_type=\"button.default\">\n\t\t\t\t<div class=\"elementor-widget-container\">\n\t\t\t\t\t\t\t\t\t<div class=\"elementor-button-wrapper\">\n\t\t\t\t\t<a class=\"elementor-button elementor-button-link elementor-size-sm\" href=\"\/en\/contact\/\">\n\t\t\t\t\t\t<span class=\"elementor-button-content-wrapper\">\n\t\t\t\t\t\t\t\t\t<span class=\"elementor-button-text\">Contact us<\/span>\n\t\t\t\t\t<\/span>\n\t\t\t\t\t<\/a>\n\t\t\t\t<\/div>\n\t\t\t\t\t\t\t\t<\/div>\n\t\t\t\t<\/div>\n\t\t\t\t<\/div>\n\t\t\t\t<\/div>\n\t\t\t\t<\/div>","protected":false},"excerpt":{"rendered":"<p>Elektromagnetische Kupplungen sind schaltbare Maschinenelemente, die Bewegungen pr\u00e4zise trennen oder verbinden. Durch das Anlegen elektrischer Energie entsteht ein Magnetfeld, das den Kraftschluss zwischen zwei Komponenten aufbaut oder l\u00f6st. Dadurch lassen sich Antriebsabl\u00e4ufe sehr schnell und mit hoher Wiederholgenauigkeit steuern. Das Ergebnis&#8230;<\/p>","protected":false},"author":8,"featured_media":0,"parent":0,"menu_order":0,"comment_status":"closed","ping_status":"closed","template":"elementor_header_footer","meta":{"footnotes":""},"class_list":["post-20977","page","type-page","status-publish","hentry"],"_links":{"self":[{"href":"https:\/\/stueweschweiz.test.thatsit.marketing\/en\/wp-json\/wp\/v2\/pages\/20977","targetHints":{"allow":["GET"]}}],"collection":[{"href":"https:\/\/stueweschweiz.test.thatsit.marketing\/en\/wp-json\/wp\/v2\/pages"}],"about":[{"href":"https:\/\/stueweschweiz.test.thatsit.marketing\/en\/wp-json\/wp\/v2\/types\/page"}],"author":[{"embeddable":true,"href":"https:\/\/stueweschweiz.test.thatsit.marketing\/en\/wp-json\/wp\/v2\/users\/8"}],"replies":[{"embeddable":true,"href":"https:\/\/stueweschweiz.test.thatsit.marketing\/en\/wp-json\/wp\/v2\/comments?post=20977"}],"version-history":[{"count":23,"href":"https:\/\/stueweschweiz.test.thatsit.marketing\/en\/wp-json\/wp\/v2\/pages\/20977\/revisions"}],"predecessor-version":[{"id":22151,"href":"https:\/\/stueweschweiz.test.thatsit.marketing\/en\/wp-json\/wp\/v2\/pages\/20977\/revisions\/22151"}],"wp:attachment":[{"href":"https:\/\/stueweschweiz.test.thatsit.marketing\/en\/wp-json\/wp\/v2\/media?parent=20977"}],"curies":[{"name":"wp","href":"https:\/\/api.w.org\/{rel}","templated":true}]}}